{"id":1646,"date":"2025-07-28T21:12:15","date_gmt":"2025-07-28T18:12:15","guid":{"rendered":"https:\/\/endulusgrup.com\/?post_type=product&#038;p=1646"},"modified":"2025-09-23T21:35:25","modified_gmt":"2025-09-23T18:35:25","slug":"su-kuyusu-insaati","status":"publish","type":"product","link":"https:\/\/endulusgrup.com\/?product=su-kuyusu-insaati","title":{"rendered":"SU KUYUSU"},"content":{"rendered":"<p>Afrika ve Asya\u2019n\u0131n bir\u00e7ok \u00fclkesinde susuzluk ve kurakl\u0131k b\u00fcy\u00fck bir sorun haline<br \/>\ngelmi\u015ftir. Bu b\u00f6lgelerde bir\u00e7ok insan, temiz i\u00e7me suyuna ula\u015fmak i\u00e7in uzun mesafeleri<br \/>\ny\u00fcr\u00fcmek zorunda kal\u0131yor. Baz\u0131 yerlerde ise insanlar kirli suyu i\u00e7mek zorunda kalarak<br \/>\nsa\u011fl\u0131k sorunlar\u0131yla kar\u015f\u0131 kar\u015f\u0131ya kal\u0131yorlar.<br \/>\nEND\u00dcL\u00dcS ULUSLARARASI ORGAN\u0130ZASYON olarak, bu insanl\u0131k dram\u0131na sessiz kalmad\u0131k.<br \/>\nBa\u015flatt\u0131\u011f\u0131m\u0131z projeler ve hay\u0131rseverlerimizin destekleriyle onlarca su kuyusunun<br \/>\na\u00e7\u0131l\u0131\u015f\u0131n\u0131 ger\u00e7ekle\u015ftirdik.<\/p>\n","protected":false},"excerpt":{"rendered":"<p>Afrika ve Asya\u2019n\u0131n bir\u00e7ok \u00fclkesinde susuzluk ve kurakl\u0131k b\u00fcy\u00fck bir sorun haline<br \/>\ngelmi\u015ftir. Bu b\u00f6lgelerde bir\u00e7ok insan, temiz i\u00e7me suyuna ula\u015fmak i\u00e7in uzun mesafeleri<br \/>\ny\u00fcr\u00fcmek zorunda kal\u0131yor. Baz\u0131 yerlerde ise insanlar kirli suyu i\u00e7mek zorunda kalarak<br \/>\nsa\u011fl\u0131k sorunlar\u0131yla kar\u015f\u0131 kar\u015f\u0131ya kal\u0131yorlar.<br \/>\nEND\u00dcL\u00dcS ULUSLARARASI ORGAN\u0130ZASYON olarak, bu insanl\u0131k dram\u0131na sessiz kalmad\u0131k.<br \/>\nBa\u015flatt\u0131\u011f\u0131m\u0131z projeler ve hay\u0131rseverlerimizin destekleriyle onlarca su kuyusunun<br \/>\na\u00e7\u0131l\u0131\u015f\u0131n\u0131 ger\u00e7ekle\u015ftirdik.<\/p>\n","protected":false},"featured_media":1359,"comment_status":"open","ping_status":"closed","template":"","meta":{"give_campaign_id":0,"_kadence_starter_templates_imported_post":false,"_kad_post_transparent":"default","_kad_post_title":"","_kad_post_layout":"default","_kad_post_sidebar_id":"","_kad_post_content_style":"default","_kad_post_vertical_padding":"default","_kad_post_feature":"","_kad_post_feature_position":"","_kad_post_header":false,"_kad_post_footer":false},"product_brand":[],"product_cat":[35],"product_tag":[36],"class_list":{"0":"post-1646","1":"product","2":"type-product","3":"status-publish","4":"has-post-thumbnail","6":"product_cat-faaliyet","7":"product_tag-su-kuyusu","9":"first","10":"instock","11":"shipping-taxable","12":"purchasable","13":"product-type-simple","14":"entry","15":"content-bg","16":"loop-entry"},"_links":{"self":[{"href":"https:\/\/endulusgrup.com\/index.php?rest_route=\/wp\/v2\/product\/1646","targetHints":{"allow":["GET"]}}],"collection":[{"href":"https:\/\/endulusgrup.com\/index.php?rest_route=\/wp\/v2\/product"}],"about":[{"href":"https:\/\/endulusgrup.com\/index.php?rest_route=\/wp\/v2\/types\/product"}],"replies":[{"embeddable":true,"href":"https:\/\/endulusgrup.com\/index.php?rest_route=%2Fwp%2Fv2%2Fcomments&post=1646"}],"wp:featuredmedia":[{"embeddable":true,"href":"https:\/\/endulusgrup.com\/index.php?rest_route=\/wp\/v2\/media\/1359"}],"wp:attachment":[{"href":"https:\/\/endulusgrup.com\/index.php?rest_route=%2Fwp%2Fv2%2Fmedia&parent=1646"}],"wp:term":[{"taxonomy":"product_brand","embeddable":true,"href":"https:\/\/endulusgrup.com\/index.php?rest_route=%2Fwp%2Fv2%2Fproduct_brand&post=1646"},{"taxonomy":"product_cat","embeddable":true,"href":"https:\/\/endulusgrup.com\/index.php?rest_route=%2Fwp%2Fv2%2Fproduct_cat&post=1646"},{"taxonomy":"product_tag","embeddable":true,"href":"https:\/\/endulusgrup.com\/index.php?rest_route=%2Fwp%2Fv2%2Fproduct_tag&post=1646"}],"curies":[{"name":"wp","href":"https:\/\/api.w.org\/{rel}","templated":true}]}}