{"id":1643,"date":"2025-07-28T21:08:06","date_gmt":"2025-07-28T18:08:06","guid":{"rendered":"https:\/\/endulusgrup.com\/?post_type=product&#038;p=1643"},"modified":"2025-09-23T21:34:35","modified_gmt":"2025-09-23T18:34:35","slug":"canli-hayvan-satisi","status":"publish","type":"product","link":"https:\/\/endulusgrup.com\/?product=canli-hayvan-satisi","title":{"rendered":"ADAK-AK\u0130KA-\u015e\u00dcK\u00dcR KURBAN BA\u011eI\u015eI"},"content":{"rendered":"<p>END\u00dcL\u00dcS ULUSLARARASI ORGAN\u0130ZASYON olarak, adak, akika, \u015f\u00fck\u00fcr, vacip kurbanlar\u0131n\u0131z\u0131<br \/>\nT\u00fcrkiye\u2019nin yan\u0131 s\u0131ra d\u00fcnyan\u0131n \u00e7e\u015fitli b\u00f6lgelerinde keserek ihtiya\u00e7 sahiplerine<br \/>\nula\u015ft\u0131r\u0131yoruz. Afrika, Filistin, Yemen, Banglade\u015f, Afganistan gibi b\u00f6lgelerdeki<br \/>\nkarde\u015flerimize yard\u0131m eli uzat\u0131yoruz. Kurban\u0131n\u0131z\u0131 teslim etti\u011finizde, kesim i\u015flemi<br \/>\n\u00fc\u00e7 g\u00fcn i\u00e7erisinde ger\u00e7ekle\u015ftiriliyor ve size kesim videosu iletiliyor.<\/p>\n","protected":false},"excerpt":{"rendered":"<p>END\u00dcL\u00dcS ULUSLARARASI ORGAN\u0130ZASYON olarak, adak, akika, \u015f\u00fck\u00fcr, vacip kurbanlar\u0131n\u0131z\u0131<br \/>\nT\u00fcrkiye\u2019nin yan\u0131 s\u0131ra d\u00fcnyan\u0131n \u00e7e\u015fitli b\u00f6lgelerinde keserek ihtiya\u00e7 sahiplerine<br \/>\nula\u015ft\u0131r\u0131yoruz. Afrika, Filistin, Yemen, Banglade\u015f, Afganistan gibi b\u00f6lgelerdeki<br \/>\nkarde\u015flerimize yard\u0131m eli uzat\u0131yoruz. Kurban\u0131n\u0131z\u0131 teslim etti\u011finizde, kesim i\u015flemi<br \/>\n\u00fc\u00e7 g\u00fcn i\u00e7erisinde ger\u00e7ekle\u015ftiriliyor ve size kesim videosu iletiliyor.<\/p>\n","protected":false},"featured_media":1362,"comment_status":"closed","ping_status":"closed","template":"","meta":{"give_campaign_id":0,"_kadence_starter_templates_imported_post":false,"_kad_post_transparent":"default","_kad_post_title":"","_kad_post_layout":"default","_kad_post_sidebar_id":"","_kad_post_content_style":"default","_kad_post_vertical_padding":"default","_kad_post_feature":"","_kad_post_feature_position":"","_kad_post_header":false,"_kad_post_footer":false},"product_brand":[],"product_cat":[35],"product_tag":[],"class_list":{"0":"post-1643","1":"product","2":"type-product","3":"status-publish","4":"has-post-thumbnail","6":"product_cat-faaliyet","8":"first","9":"instock","10":"shipping-taxable","11":"purchasable","12":"product-type-simple","13":"entry","14":"content-bg","15":"loop-entry"},"_links":{"self":[{"href":"https:\/\/endulusgrup.com\/index.php?rest_route=\/wp\/v2\/product\/1643","targetHints":{"allow":["GET"]}}],"collection":[{"href":"https:\/\/endulusgrup.com\/index.php?rest_route=\/wp\/v2\/product"}],"about":[{"href":"https:\/\/endulusgrup.com\/index.php?rest_route=\/wp\/v2\/types\/product"}],"replies":[{"embeddable":true,"href":"https:\/\/endulusgrup.com\/index.php?rest_route=%2Fwp%2Fv2%2Fcomments&post=1643"}],"wp:featuredmedia":[{"embeddable":true,"href":"https:\/\/endulusgrup.com\/index.php?rest_route=\/wp\/v2\/media\/1362"}],"wp:attachment":[{"href":"https:\/\/endulusgrup.com\/index.php?rest_route=%2Fwp%2Fv2%2Fmedia&parent=1643"}],"wp:term":[{"taxonomy":"product_brand","embeddable":true,"href":"https:\/\/endulusgrup.com\/index.php?rest_route=%2Fwp%2Fv2%2Fproduct_brand&post=1643"},{"taxonomy":"product_cat","embeddable":true,"href":"https:\/\/endulusgrup.com\/index.php?rest_route=%2Fwp%2Fv2%2Fproduct_cat&post=1643"},{"taxonomy":"product_tag","embeddable":true,"href":"https:\/\/endulusgrup.com\/index.php?rest_route=%2Fwp%2Fv2%2Fproduct_tag&post=1643"}],"curies":[{"name":"wp","href":"https:\/\/api.w.org\/{rel}","templated":true}]}}