{"id":1778,"date":"2026-03-08T16:48:44","date_gmt":"2026-03-08T13:48:44","guid":{"rendered":"https:\/\/endulusgrup.com\/?page_id=1778"},"modified":"2026-03-09T13:28:48","modified_gmt":"2026-03-09T10:28:48","slug":"enerji-sistemleri","status":"publish","type":"page","link":"https:\/\/endulusgrup.com\/?page_id=1778","title":{"rendered":"ENERJ\u0130 S\u0130STEMLER\u0130"},"content":{"rendered":"<h1 class=\"wp-block-post-title\">ENERJ\u0130 S\u0130STEMLER\u0130<\/h1>\n\n<style>.kb-row-layout-id1778_870f43-4b > .kt-row-column-wrap{align-content:start;}:where(.kb-row-layout-id1778_870f43-4b > .kt-row-column-wrap) > .wp-block-kadence-column{justify-content:start;}.kb-row-layout-id1778_870f43-4b > .kt-row-column-wrap{column-gap:var(--global-kb-gap-md, 2rem);row-gap:var(--global-kb-gap-md, 2rem);padding-top:var(--global-kb-spacing-sm, 1.5rem);padding-bottom:var(--global-kb-spacing-sm, 1.5rem);grid-template-columns:minmax(0, 2fr) minmax(0, 1fr);}.kb-row-layout-id1778_870f43-4b > .kt-row-layout-overlay{opacity:0.30;}@media all and (max-width: 1024px){.kb-row-layout-id1778_870f43-4b > .kt-row-column-wrap{grid-template-columns:minmax(0, 2fr) minmax(0, 1fr);}}@media all and (max-width: 767px){.kb-row-layout-id1778_870f43-4b > .kt-row-column-wrap{grid-template-columns:minmax(0, 1fr);}}<\/style><div class=\"kb-row-layout-wrap kb-row-layout-id1778_870f43-4b alignnone wp-block-kadence-rowlayout\"><div class=\"kt-row-column-wrap kt-has-2-columns kt-row-layout-left-golden kt-tab-layout-inherit kt-mobile-layout-row kt-row-valign-top\">\n<style>.kadence-column1778_6564a2-01 > .kt-inside-inner-col,.kadence-column1778_6564a2-01 > .kt-inside-inner-col:before{border-top-left-radius:0px;border-top-right-radius:0px;border-bottom-right-radius:0px;border-bottom-left-radius:0px;}.kadence-column1778_6564a2-01 > .kt-inside-inner-col{column-gap:var(--global-kb-gap-sm, 1rem);}.kadence-column1778_6564a2-01 > .kt-inside-inner-col{flex-direction:column;}.kadence-column1778_6564a2-01 > .kt-inside-inner-col > .aligncenter{width:100%;}.kadence-column1778_6564a2-01 > .kt-inside-inner-col:before{opacity:0.3;}.kadence-column1778_6564a2-01{position:relative;}@media all and (max-width: 1024px){.kadence-column1778_6564a2-01 > .kt-inside-inner-col{flex-direction:column;}}@media all and (max-width: 767px){.kadence-column1778_6564a2-01 > .kt-inside-inner-col{flex-direction:column;}}<\/style>\n<div class=\"wp-block-kadence-column kadence-column1778_6564a2-01\"><div class=\"kt-inside-inner-col\"><h2 style=\"color:#f4c430;\" class=\"has-link-color wp-elements-11cf6c0ca79026fb7d374f2c057faa45 wp-block-post-title has-text-color\">ENERJ\u0130 S\u0130STEMLER\u0130<\/h2>\n\n\n<p class=\"has-theme-palette-9-color has-text-color has-link-color wp-elements-5a3fe583bec7da1f7973e695014c5350\">End\u00fcl\u00fcs Grup, 3 kW kurulu g\u00fcce sahip off-grid enerji sistemleriyle T\u00fcrkiye\u2019nin d\u00f6rt bir yan\u0131nda ayd\u0131nlatma, sulama ve benzeri uygulamalar i\u00e7in sat\u0131\u015f ve kurulum hizmeti sunmaktad\u0131r. \u015eebekeden ba\u011f\u0131ms\u0131z enerjiye ula\u015fmak art\u0131k \u00e7ok kolay: g\u00fcvenilir, s\u00fcrd\u00fcr\u00fclebilir ve yerinde \u00e7\u00f6z\u00fcmlerle yan\u0131n\u0131zday\u0131z.<\/p>\n\n\n\n<p class=\"has-theme-palette-9-color has-text-color has-link-color wp-elements-354e1371dac3d938ab9eb8d72364d4af\"><strong>2011\u2019DEN BU YANA S\u00dcRD\u00dcR\u00dcLEB\u0130L\u0130R ENERJ\u0130 \u00c7\u00d6Z\u00dcMLER\u0130<\/strong><\/p>\n\n\n\n<p class=\"has-theme-palette-9-color has-text-color has-link-color wp-elements-3460ad1cd7e4201849c565db16386159\">End\u00fcl\u00fcs Grup olarak, 2011 y\u0131l\u0131ndan bu yana 3 kW kurulu g\u00fcce sahip off-grid (\u015febekeden ba\u011f\u0131ms\u0131z) enerji sistemleri ile ayd\u0131nlatma, sulama ve benzeri uygulamalarda sat\u0131\u015f ve kurulum hizmeti sunmaktay\u0131z.<\/p>\n\n\n\n<p class=\"has-theme-palette-9-color has-text-color has-link-color wp-elements-a1b341a27d8d9258d8e869c8afc7215f\">T\u00fcrkiye\u2019nin her b\u00f6lgesinde, ihtiyac\u0131n\u0131za uygun sistemleri profesyonel ekibimizle kuruyor ve kullan\u0131m\u0131n\u0131za haz\u0131r hale getiriyoruz. Enerjiye ula\u015fmak art\u0131k \u00e7ok kolay:<\/p>\n\n\n\n<p class=\"has-theme-palette-9-color has-text-color has-link-color wp-elements-08e39848cefba4a9ef7af757a17c4478\"><strong>\u0130htiyac\u0131n\u0131z olan sistemler sadece bir tu\u015f kadar yak\u0131n\u0131n\u0131zda!<\/strong><\/p>\n\n\n\n<p class=\"has--font-size has-theme-palette-9-color has-text-color has-link-color wp-elements-1731c2d79a1a06e8c78cd83c595d1844\"><strong>\u015eEBEKEDEN BA\u011eIMSIZ ENERJ\u0130 S\u0130STEMLER\u0130<\/strong><\/p>\n\n\n\n<p class=\"has-theme-palette-9-color has-text-color has-link-color wp-elements-6233d82f162cd821188bf947ee86b5f7\">\u2022 Her t\u00fcrl\u00fc lokasyonda kullan\u0131labilen off-grid \u00e7\u00f6z\u00fcmler<br>\u2022 Tar\u0131m alanlar\u0131nda sulama sistemleri<br>\u2022 Park, bah\u00e7e, yol ve tesislerde ayd\u0131nlatma setleri<br>\u2022 K\u0131rsal b\u00f6lgelerde ba\u011f\u0131ms\u0131z enerji ihtiya\u00e7lar\u0131<\/p>\n<\/div><\/div>\n\n\n<style>.kadence-column1778_a1293b-02 > .kt-inside-inner-col,.kadence-column1778_a1293b-02 > .kt-inside-inner-col:before{border-top-left-radius:0px;border-top-right-radius:0px;border-bottom-right-radius:0px;border-bottom-left-radius:0px;}.kadence-column1778_a1293b-02 > .kt-inside-inner-col{column-gap:var(--global-kb-gap-sm, 1rem);}.kadence-column1778_a1293b-02 > .kt-inside-inner-col{flex-direction:column;}.kadence-column1778_a1293b-02 > .kt-inside-inner-col > .aligncenter{width:100%;}.kadence-column1778_a1293b-02 > .kt-inside-inner-col:before{opacity:0.3;}.kadence-column1778_a1293b-02{position:relative;}@media all and (max-width: 1024px){.kadence-column1778_a1293b-02 > .kt-inside-inner-col{flex-direction:column;}}@media all and (max-width: 767px){.kadence-column1778_a1293b-02 > .kt-inside-inner-col{flex-direction:column;}}<\/style>\n<div class=\"wp-block-kadence-column kadence-column1778_a1293b-02\"><div class=\"kt-inside-inner-col\">\n<figure class=\"wp-block-image size-large\"><img fetchpriority=\"high\" decoding=\"async\" width=\"683\" height=\"1024\" src=\"https:\/\/endulusgrup.com\/wp-content\/uploads\/2026\/03\/gunes-683x1024.png\" alt=\"\" class=\"wp-image-1826\" style=\"aspect-ratio:9\/16;object-fit:cover\" srcset=\"https:\/\/endulusgrup.com\/wp-content\/uploads\/2026\/03\/gunes-683x1024.png 683w, https:\/\/endulusgrup.com\/wp-content\/uploads\/2026\/03\/gunes-200x300.png 200w, https:\/\/endulusgrup.com\/wp-content\/uploads\/2026\/03\/gunes-768x1152.png 768w, https:\/\/endulusgrup.com\/wp-content\/uploads\/2026\/03\/gunes-600x900.png 600w, https:\/\/endulusgrup.com\/wp-content\/uploads\/2026\/03\/gunes.png 1024w\" sizes=\"(max-width: 683px) 100vw, 683px\" \/><\/figure>\n<\/div><\/div>\n\n<\/div><\/div>\n\n<style>.kb-row-layout-id1778_484809-a2 > .kt-row-column-wrap{align-content:start;}:where(.kb-row-layout-id1778_484809-a2 > .kt-row-column-wrap) > .wp-block-kadence-column{justify-content:start;}.kb-row-layout-id1778_484809-a2 > .kt-row-column-wrap{column-gap:var(--global-kb-gap-md, 2rem);row-gap:var(--global-kb-gap-md, 2rem);padding-top:var(--global-kb-spacing-sm, 1.5rem);padding-bottom:var(--global-kb-spacing-sm, 1.5rem);grid-template-columns:minmax(0, 1fr) minmax(0, 2fr);}.kb-row-layout-id1778_484809-a2 > .kt-row-layout-overlay{opacity:0.30;}@media all and (max-width: 1024px){.kb-row-layout-id1778_484809-a2 > .kt-row-column-wrap{grid-template-columns:minmax(0, 1fr) minmax(0, 2fr);}}@media all and (max-width: 767px){.kb-row-layout-id1778_484809-a2 > .kt-row-column-wrap{grid-template-columns:minmax(0, 1fr);}}<\/style><div class=\"kb-row-layout-wrap kb-row-layout-id1778_484809-a2 alignnone wp-block-kadence-rowlayout\"><div class=\"kt-row-column-wrap kt-has-2-columns kt-row-layout-right-golden kt-tab-layout-inherit kt-mobile-layout-row kt-row-valign-top\">\n<style>.kadence-column1778_a8b272-fd > .kt-inside-inner-col,.kadence-column1778_a8b272-fd > .kt-inside-inner-col:before{border-top-left-radius:0px;border-top-right-radius:0px;border-bottom-right-radius:0px;border-bottom-left-radius:0px;}.kadence-column1778_a8b272-fd > .kt-inside-inner-col{column-gap:var(--global-kb-gap-sm, 1rem);}.kadence-column1778_a8b272-fd > .kt-inside-inner-col{flex-direction:column;}.kadence-column1778_a8b272-fd > .kt-inside-inner-col > .aligncenter{width:100%;}.kadence-column1778_a8b272-fd > .kt-inside-inner-col:before{opacity:0.3;}.kadence-column1778_a8b272-fd{position:relative;}@media all and (max-width: 1024px){.kadence-column1778_a8b272-fd > .kt-inside-inner-col{flex-direction:column;}}@media all and (max-width: 767px){.kadence-column1778_a8b272-fd > .kt-inside-inner-col{flex-direction:column;}}<\/style>\n<div class=\"wp-block-kadence-column kadence-column1778_a8b272-fd\"><div class=\"kt-inside-inner-col\">\n<figure class=\"wp-block-image size-large\"><img decoding=\"async\" width=\"683\" height=\"1024\" src=\"https:\/\/endulusgrup.com\/wp-content\/uploads\/2026\/03\/urunler-683x1024.png\" alt=\"\" class=\"wp-image-1825\" style=\"aspect-ratio:9\/16;object-fit:cover\" srcset=\"https:\/\/endulusgrup.com\/wp-content\/uploads\/2026\/03\/urunler-683x1024.png 683w, https:\/\/endulusgrup.com\/wp-content\/uploads\/2026\/03\/urunler-200x300.png 200w, https:\/\/endulusgrup.com\/wp-content\/uploads\/2026\/03\/urunler-768x1152.png 768w, https:\/\/endulusgrup.com\/wp-content\/uploads\/2026\/03\/urunler-600x900.png 600w, https:\/\/endulusgrup.com\/wp-content\/uploads\/2026\/03\/urunler.png 1024w\" sizes=\"(max-width: 683px) 100vw, 683px\" \/><\/figure>\n<\/div><\/div>\n\n\n<style>.kadence-column1778_6af7d4-98 > .kt-inside-inner-col,.kadence-column1778_6af7d4-98 > .kt-inside-inner-col:before{border-top-left-radius:0px;border-top-right-radius:0px;border-bottom-right-radius:0px;border-bottom-left-radius:0px;}.kadence-column1778_6af7d4-98 > .kt-inside-inner-col{column-gap:var(--global-kb-gap-sm, 1rem);}.kadence-column1778_6af7d4-98 > .kt-inside-inner-col{flex-direction:column;}.kadence-column1778_6af7d4-98 > .kt-inside-inner-col > .aligncenter{width:100%;}.kadence-column1778_6af7d4-98 > .kt-inside-inner-col:before{opacity:0.3;}.kadence-column1778_6af7d4-98{position:relative;}@media all and (max-width: 1024px){.kadence-column1778_6af7d4-98 > .kt-inside-inner-col{flex-direction:column;}}@media all and (max-width: 767px){.kadence-column1778_6af7d4-98 > .kt-inside-inner-col{flex-direction:column;}}<\/style>\n<div class=\"wp-block-kadence-column kadence-column1778_6af7d4-98\"><div class=\"kt-inside-inner-col\"><style>.kb-row-layout-id1778_7fe708-15 > .kt-row-column-wrap{align-content:start;}:where(.kb-row-layout-id1778_7fe708-15 > .kt-row-column-wrap) > .wp-block-kadence-column{justify-content:start;}.kb-row-layout-id1778_7fe708-15 > .kt-row-column-wrap{column-gap:var(--global-kb-gap-md, 2rem);row-gap:var(--global-kb-gap-md, 2rem);padding-top:var(--global-kb-spacing-sm, 1.5rem);padding-bottom:var(--global-kb-spacing-sm, 1.5rem);grid-template-columns:repeat(2, minmax(0, 1fr));}.kb-row-layout-id1778_7fe708-15 > .kt-row-layout-overlay{opacity:0.30;}@media all and (max-width: 1024px){.kb-row-layout-id1778_7fe708-15 > .kt-row-column-wrap{grid-template-columns:repeat(2, minmax(0, 1fr));}}@media all and (max-width: 767px){.kb-row-layout-id1778_7fe708-15 > .kt-row-column-wrap{grid-template-columns:minmax(0, 1fr);}}<\/style><div class=\"kb-row-layout-wrap kb-row-layout-id1778_7fe708-15 alignnone wp-block-kadence-rowlayout\"><div class=\"kt-row-column-wrap kt-has-2-columns kt-row-layout-equal kt-tab-layout-inherit kt-mobile-layout-row kt-row-valign-top\">\n<style>.kadence-column1778_599a4c-fd > .kt-inside-inner-col,.kadence-column1778_599a4c-fd > .kt-inside-inner-col:before{border-top-left-radius:0px;border-top-right-radius:0px;border-bottom-right-radius:0px;border-bottom-left-radius:0px;}.kadence-column1778_599a4c-fd > .kt-inside-inner-col{column-gap:var(--global-kb-gap-sm, 1rem);}.kadence-column1778_599a4c-fd > .kt-inside-inner-col{flex-direction:column;}.kadence-column1778_599a4c-fd > .kt-inside-inner-col > .aligncenter{width:100%;}.kadence-column1778_599a4c-fd > .kt-inside-inner-col:before{opacity:0.3;}.kadence-column1778_599a4c-fd{position:relative;}@media all and (max-width: 1024px){.kadence-column1778_599a4c-fd > .kt-inside-inner-col{flex-direction:column;}}@media all and (max-width: 767px){.kadence-column1778_599a4c-fd > .kt-inside-inner-col{flex-direction:column;}}<\/style>\n<div class=\"wp-block-kadence-column kadence-column1778_599a4c-fd\"><div class=\"kt-inside-inner-col\">\n<p class=\"has--font-size has-theme-palette-9-color has-text-color has-link-color wp-elements-3f56334d29401cab009f4f40b34346d8\"><strong>Fotovoltaik G\u00fcne\u015f Panelleri<\/strong><\/p>\n\n\n\n<p class=\"has--font-size has-theme-palette-9-color has-text-color has-link-color wp-elements-034a2a7dca9930c0812e16f7dd172aa9\">Y\u00fcksek verimli, uzun \u00f6m\u00fcrl\u00fc paneller<br>Farkl\u0131 g\u00fc\u00e7 se\u00e7enekleri ile ihtiyaca \u00f6zel \u00e7\u00f6z\u00fcmler<\/p>\n\n\n\n<p class=\"has--font-size has-theme-palette-9-color has-text-color has-link-color wp-elements-aff50a5118b9f4f6aeeee7603fa8264f\"><strong>Solar Ak\u00fc \u015earj Cihazlar\u0131<\/strong><\/p>\n\n\n\n<p class=\"has--font-size has-theme-palette-9-color has-text-color has-link-color wp-elements-3bfe9b64e600bc0060cabe88d36577c6\">Ak\u00fclerin g\u00fcvenli ve verimli \u015fekilde \u015farj edilmesini sa\u011flar.<br>Ak\u00fc \u00f6mr\u00fcn\u00fc uzatan ak\u0131ll\u0131 kontrol sistemleri<\/p>\n\n\n\n<p class=\"has--font-size has-theme-palette-9-color has-text-color has-link-color wp-elements-f1cad355ca3364292067137a840358ba\"><strong>Off-Grid (Ak\u00fcl\u00fc) Uygulamalar<\/strong><\/p>\n\n\n\n<p class=\"has--font-size has-theme-palette-9-color has-text-color has-link-color wp-elements-dbc32b2f704b1559e5028f6c0b42c203\">\u015eebekeden ba\u011f\u0131ms\u0131z kullan\u0131m i\u00e7in tasarlanm\u0131\u015f sistemler.<br>Elektrik altyap\u0131s\u0131 olmayan b\u00f6lgelerde ideal \u00e7\u00f6z\u00fcm<\/p>\n\n\n\n<p class=\"has--font-size has-theme-palette-9-color has-text-color has-link-color wp-elements-fdfcbc8ddf191f9af3a43332a07fd029\"><strong>On-Grid (\u015eebeke Ba\u011flant\u0131l\u0131) Uygulamalar<\/strong><\/p>\n\n\n\n<p class=\"has--font-size has-theme-palette-9-color has-text-color has-link-color wp-elements-84b188e61659c294696b7189a6dbba9e\">\u015eebeke ile entegre \u00e7al\u0131\u015fan sistemler.<br>Fazla \u00fcretilen enerjinin \u015febekeye aktar\u0131m\u0131<\/p>\n<\/div><\/div>\n\n\n<style>.kadence-column1778_6ffc4d-d0 > .kt-inside-inner-col,.kadence-column1778_6ffc4d-d0 > .kt-inside-inner-col:before{border-top-left-radius:0px;border-top-right-radius:0px;border-bottom-right-radius:0px;border-bottom-left-radius:0px;}.kadence-column1778_6ffc4d-d0 > .kt-inside-inner-col{column-gap:var(--global-kb-gap-sm, 1rem);}.kadence-column1778_6ffc4d-d0 > .kt-inside-inner-col{flex-direction:column;}.kadence-column1778_6ffc4d-d0 > .kt-inside-inner-col > .aligncenter{width:100%;}.kadence-column1778_6ffc4d-d0 > .kt-inside-inner-col:before{opacity:0.3;}.kadence-column1778_6ffc4d-d0{position:relative;}@media all and (max-width: 1024px){.kadence-column1778_6ffc4d-d0 > .kt-inside-inner-col{flex-direction:column;}}@media all and (max-width: 767px){.kadence-column1778_6ffc4d-d0 > .kt-inside-inner-col{flex-direction:column;}}<\/style>\n<div class=\"wp-block-kadence-column kadence-column1778_6ffc4d-d0\"><div class=\"kt-inside-inner-col\">\n<p class=\"has--font-size has-theme-palette-9-color has-text-color has-link-color wp-elements-323732aecdaba7e35907ba719969aa9f\"><strong>DC\/AC \u00c7eviriciler (\u0130nverterler)<\/strong><\/p>\n\n\n\n<p class=\"has--font-size has-theme-palette-9-color has-text-color has-link-color wp-elements-980d7ca08c47da0d9cd8bdd723ceb005\">G\u00fcne\u015f panellerinden gelen do\u011fru ak\u0131m\u0131 alternatif ak\u0131ma \u00e7evirir.<br>Ev ve i\u015f yerlerinde g\u00fcvenli kullan\u0131m<\/p>\n\n\n\n<p class=\"has--font-size has-theme-palette-9-color has-text-color has-link-color wp-elements-44a12e7c091d0cde677e3d15140cabc6\"><strong>Ak\u00fcler<\/strong><\/p>\n\n\n\n<p class=\"has--font-size has-theme-palette-9-color has-text-color has-link-color wp-elements-069d3fd3648f56d79e62cde320f84879\">Uzun \u00f6m\u00fcrl\u00fc, y\u00fcksek kapasiteli enerji depolama \u00e7\u00f6z\u00fcmleri.<br>Farkl\u0131 kapasite se\u00e7enekleri<\/p>\n\n\n\n<p class=\"has--font-size has-theme-palette-9-color has-text-color has-link-color wp-elements-8b75b4ee0a85e2c383992a7d684961e9\"><strong>Paket Sistemler<\/strong><\/p>\n\n\n\n<p class=\"has--font-size has-theme-palette-9-color has-text-color has-link-color wp-elements-eb53f77a5b087d0e75ab3b4139944223\">Haz\u0131r kurulum setleri (panel, inverter, ak\u00fc dahil).<br>Kullan\u0131ma haz\u0131r, pratik \u00e7\u00f6z\u00fcmler<\/p>\n\n\n\n<p class=\"has--font-size has-theme-palette-9-color has-text-color has-link-color wp-elements-2e0191b677715a6edb2c79bb197ce5a8\"><strong>Enerji Depolama Sistemleri<\/strong><\/p>\n\n\n\n<p class=\"has--font-size has-theme-palette-9-color has-text-color has-link-color wp-elements-2dd184a4c914669640864f1276e0c34b\">Kesintisiz enerji i\u00e7in modern depolama teknolojileri.<br>Geli\u015fmi\u015f batarya \u00e7\u00f6z\u00fcmleri<\/p>\n<\/div><\/div>\n\n<\/div><\/div><\/div><\/div>\n\n<\/div><\/div>","protected":false},"excerpt":{"rendered":"<p>End\u00fcl\u00fcs Grup, 3 kW kurulu g\u00fcce sahip off-grid enerji sistemleriyle T\u00fcrkiye\u2019nin d\u00f6rt bir yan\u0131nda ayd\u0131nlatma, sulama ve benzeri uygulamalar i\u00e7in sat\u0131\u015f ve kurulum hizmeti sunmaktad\u0131r. \u015eebekeden ba\u011f\u0131ms\u0131z enerjiye ula\u015fmak art\u0131k \u00e7ok kolay: g\u00fcvenilir, s\u00fcrd\u00fcr\u00fclebilir ve yerinde \u00e7\u00f6z\u00fcmlerle yan\u0131n\u0131zday\u0131z. 2011\u2019DEN BU YANA S\u00dcRD\u00dcR\u00dcLEB\u0130L\u0130R ENERJ\u0130 \u00c7\u00d6Z\u00dcMLER\u0130 End\u00fcl\u00fcs Grup olarak, 2011 y\u0131l\u0131ndan bu yana 3 kW kurulu g\u00fcce&#8230;<\/p>\n","protected":false},"author":1,"featured_media":0,"parent":0,"menu_order":0,"comment_status":"closed","ping_status":"closed","template":"","meta":{"give_campaign_id":0,"_kadence_starter_templates_imported_post":false,"_kad_post_transparent":"","_kad_post_title":"","_kad_post_layout":"","_kad_post_sidebar_id":"","_kad_post_content_style":"","_kad_post_vertical_padding":"","_kad_post_feature":"","_kad_post_feature_position":"","_kad_post_header":false,"_kad_post_footer":false,"footnotes":""},"class_list":["post-1778","page","type-page","status-publish","hentry"],"campaignId":"","_links":{"self":[{"href":"https:\/\/endulusgrup.com\/index.php?rest_route=\/wp\/v2\/pages\/1778","targetHints":{"allow":["GET"]}}],"collection":[{"href":"https:\/\/endulusgrup.com\/index.php?rest_route=\/wp\/v2\/pages"}],"about":[{"href":"https:\/\/endulusgrup.com\/index.php?rest_route=\/wp\/v2\/types\/page"}],"author":[{"embeddable":true,"href":"https:\/\/endulusgrup.com\/index.php?rest_route=\/wp\/v2\/users\/1"}],"replies":[{"embeddable":true,"href":"https:\/\/endulusgrup.com\/index.php?rest_route=%2Fwp%2Fv2%2Fcomments&post=1778"}],"version-history":[{"count":11,"href":"https:\/\/endulusgrup.com\/index.php?rest_route=\/wp\/v2\/pages\/1778\/revisions"}],"predecessor-version":[{"id":1827,"href":"https:\/\/endulusgrup.com\/index.php?rest_route=\/wp\/v2\/pages\/1778\/revisions\/1827"}],"wp:attachment":[{"href":"https:\/\/endulusgrup.com\/index.php?rest_route=%2Fwp%2Fv2%2Fmedia&parent=1778"}],"curies":[{"name":"wp","href":"https:\/\/api.w.org\/{rel}","templated":true}]}}