{"id":1426,"date":"2025-04-13T15:08:29","date_gmt":"2025-04-13T12:08:29","guid":{"rendered":"https:\/\/endulusgrup.com\/?page_id=1426"},"modified":"2026-01-18T13:56:49","modified_gmt":"2026-01-18T10:56:49","slug":"hesap-numaralarimiz","status":"publish","type":"page","link":"https:\/\/endulusgrup.com\/?page_id=1426","title":{"rendered":"HESAP NUMARALARIMIZ"},"content":{"rendered":"\n<div class=\"wp-block-columns is-layout-flex wp-container-core-columns-is-layout-9d6595d7 wp-block-columns-is-layout-flex\">\n<div class=\"wp-block-column is-layout-flow wp-block-column-is-layout-flow\"><style>.kb-row-layout-wrap.wp-block-kadence-rowlayout.kb-row-layout-id1426_fdaa53-04{margin-top:var(--global-kb-spacing-xl, 4rem);}.kb-row-layout-id1426_fdaa53-04 > .kt-row-column-wrap{align-content:start;}:where(.kb-row-layout-id1426_fdaa53-04 > .kt-row-column-wrap) > .wp-block-kadence-column{justify-content:start;}.kb-row-layout-id1426_fdaa53-04 > .kt-row-column-wrap{column-gap:var(--global-kb-gap-md, 2rem);row-gap:var(--global-kb-gap-md, 2rem);padding-top:var(--global-kb-spacing-3xl, 6.5rem);padding-bottom:var(--global-kb-spacing-3xl, 6.5rem);grid-template-columns:minmax(0, 1fr);}.kb-row-layout-id1426_fdaa53-04{background-image:url('https:\/\/endulusgrup.com\/wp-content\/uploads\/2021\/07\/annie-spratt-cVEOh_JJmEE-unsplash.jpg');background-size:cover;background-position:45% 51%;background-attachment:scroll;background-repeat:no-repeat;}.kb-row-layout-id1426_fdaa53-04 > .kt-row-layout-overlay{opacity:0.85;background-color:rgba(243, 247, 243, 0.91);mix-blend-mode:normal;}@media all and (max-width: 1024px){.kb-row-layout-id1426_fdaa53-04 > .kt-row-column-wrap{grid-template-columns:minmax(0, 1fr);}}@media all and (max-width: 767px){.kb-row-layout-id1426_fdaa53-04 > .kt-row-column-wrap{grid-template-columns:minmax(0, 1fr);}}<\/style><div class=\"kb-row-layout-wrap kb-row-layout-id1426_fdaa53-04 alignnone kt-row-has-bg wp-block-kadence-rowlayout\"><div class=\"kt-row-layout-overlay kt-row-overlay-normal\"><\/div><div class=\"kt-row-column-wrap kt-has-1-columns kt-row-layout-equal kt-tab-layout-inherit kt-mobile-layout-row kt-row-valign-top\">\n<style>.kadence-column1426_dae1b0-c2 > .kt-inside-inner-col,.kadence-column1426_dae1b0-c2 > .kt-inside-inner-col:before{border-top-left-radius:0px;border-top-right-radius:0px;border-bottom-right-radius:0px;border-bottom-left-radius:0px;}.kadence-column1426_dae1b0-c2 > .kt-inside-inner-col{column-gap:var(--global-kb-gap-sm, 1rem);}.kadence-column1426_dae1b0-c2 > .kt-inside-inner-col{flex-direction:column;}.kadence-column1426_dae1b0-c2 > .kt-inside-inner-col > .aligncenter{width:100%;}.kadence-column1426_dae1b0-c2 > .kt-inside-inner-col:before{opacity:0.3;}.kadence-column1426_dae1b0-c2{position:relative;}@media all and (max-width: 1024px){.kadence-column1426_dae1b0-c2 > .kt-inside-inner-col{flex-direction:column;}}@media all and (max-width: 767px){.kadence-column1426_dae1b0-c2 > .kt-inside-inner-col{flex-direction:column;}}<\/style>\n<div class=\"wp-block-kadence-column kadence-column1426_dae1b0-c2\"><div class=\"kt-inside-inner-col\">\n<h2 class=\"wp-block-heading has-text-align-center\">HESAP NUMARALARIMIZ<\/h2>\n<\/div><\/div>\n\n<\/div><\/div><\/div>\n<\/div>\n\n\n\n<h3 class=\"wp-block-heading has-theme-palette-9-color has-text-color has-link-color wp-elements-5ecca38e93af050b0cfb70c55301a6ab\">Banka Bilgileri<\/h3>\n\n\n\n<p class=\"has-theme-palette-9-color has-text-color has-link-color wp-elements-623cc9f597b8cf9de664cfdf2da380dd\">Banka kanal\u0131yla g\u00f6nderdi\u011finiz \u00f6demelerin <strong>a\u00e7\u0131klama b\u00f6l\u00fcm\u00fcne<\/strong> amac\u0131n\u0131, isminizi ve cep telefonu numaran\u0131z\u0131 yaz\u0131n\u0131z.<\/p>\n\n\n\n<p class=\"has-theme-palette-9-color has-text-color has-link-color wp-elements-df99e29570d1c38c7feeb8a65b14331b\"><strong>Banka<\/strong>: Ziraat Bankas\u0131<br><strong>Hesap Sahibi<\/strong>: END\u00dcL\u00dcS TEKNOLOJ\u0130 ENERJ\u0130 H\u0130ZMETLER\u0130 T\u0130CARET VE SANAY\u0130 L\u0130M\u0130TED \u015e\u0130RKET\u0130<br><strong>IBAN<\/strong>: TR42 0001 0021 5455 2050 5150 02<\/p>\n\n\n\n<p><\/p>\n","protected":false},"excerpt":{"rendered":"<p>HESAP NUMARALARIMIZ Banka Bilgileri Banka kanal\u0131yla g\u00f6nderdi\u011finiz \u00f6demelerin a\u00e7\u0131klama b\u00f6l\u00fcm\u00fcne amac\u0131n\u0131, isminizi ve cep telefonu numaran\u0131z\u0131 yaz\u0131n\u0131z. Banka: Ziraat Bankas\u0131Hesap Sahibi: END\u00dcL\u00dcS TEKNOLOJ\u0130 ENERJ\u0130 H\u0130ZMETLER\u0130 T\u0130CARET VE SANAY\u0130 L\u0130M\u0130TED \u015e\u0130RKET\u0130IBAN: TR42 0001 0021 5455 2050 5150 02<\/p>\n","protected":false},"author":1,"featured_media":0,"parent":0,"menu_order":0,"comment_status":"closed","ping_status":"closed","template":"","meta":{"give_campaign_id":0,"_kadence_starter_templates_imported_post":false,"_kad_post_transparent":"","_kad_post_title":"","_kad_post_layout":"","_kad_post_sidebar_id":"","_kad_post_content_style":"","_kad_post_vertical_padding":"","_kad_post_feature":"","_kad_post_feature_position":"","_kad_post_header":false,"_kad_post_footer":false,"footnotes":""},"class_list":["post-1426","page","type-page","status-publish","hentry"],"campaignId":"","_links":{"self":[{"href":"https:\/\/endulusgrup.com\/index.php?rest_route=\/wp\/v2\/pages\/1426","targetHints":{"allow":["GET"]}}],"collection":[{"href":"https:\/\/endulusgrup.com\/index.php?rest_route=\/wp\/v2\/pages"}],"about":[{"href":"https:\/\/endulusgrup.com\/index.php?rest_route=\/wp\/v2\/types\/page"}],"author":[{"embeddable":true,"href":"https:\/\/endulusgrup.com\/index.php?rest_route=\/wp\/v2\/users\/1"}],"replies":[{"embeddable":true,"href":"https:\/\/endulusgrup.com\/index.php?rest_route=%2Fwp%2Fv2%2Fcomments&post=1426"}],"version-history":[{"count":4,"href":"https:\/\/endulusgrup.com\/index.php?rest_route=\/wp\/v2\/pages\/1426\/revisions"}],"predecessor-version":[{"id":1772,"href":"https:\/\/endulusgrup.com\/index.php?rest_route=\/wp\/v2\/pages\/1426\/revisions\/1772"}],"wp:attachment":[{"href":"https:\/\/endulusgrup.com\/index.php?rest_route=%2Fwp%2Fv2%2Fmedia&parent=1426"}],"curies":[{"name":"wp","href":"https:\/\/api.w.org\/{rel}","templated":true}]}}