{"id":1339,"date":"2021-10-12T15:21:31","date_gmt":"2021-10-12T15:21:31","guid":{"rendered":"https:\/\/startertemplatecloud.com\/g14\/?page_id=22"},"modified":"2026-01-18T13:56:11","modified_gmt":"2026-01-18T10:56:11","slug":"our-mission","status":"publish","type":"page","link":"https:\/\/endulusgrup.com\/?page_id=1339","title":{"rendered":"G\u0130ZL\u0130L\u0130K POL\u0130T\u0130KASI"},"content":{"rendered":"<style>.kb-row-layout-wrap.wp-block-kadence-rowlayout.kb-row-layout-id1339_109e73-38{margin-top:var(--global-kb-spacing-3xl, 6.5rem);}.kb-row-layout-id1339_109e73-38 > .kt-row-column-wrap{align-content:start;}:where(.kb-row-layout-id1339_109e73-38 > .kt-row-column-wrap) > .wp-block-kadence-column{justify-content:start;}.kb-row-layout-id1339_109e73-38 > .kt-row-column-wrap{column-gap:var(--global-kb-gap-md, 2rem);row-gap:var(--global-kb-gap-md, 2rem);max-width:var( --global-content-width, 1290px );padding-left:var(--global-content-edge-padding);padding-right:var(--global-content-edge-padding);padding-top:106px;padding-bottom:80px;grid-template-columns:minmax(0, 1fr);}.kb-row-layout-id1339_109e73-38{background-image:url('https:\/\/endulusgrup.com\/wp-content\/uploads\/2021\/07\/2photo-pots-498UjzgcwA0-unsplash.jpg');background-size:cover;background-position:center center;background-attachment:scroll;background-repeat:no-repeat;}.kb-row-layout-id1339_109e73-38 > .kt-row-layout-overlay{opacity:0.85;background-color:var(--global-palette8, #F7FAFC);}@media all and (max-width: 1024px){.kb-row-layout-id1339_109e73-38 > .kt-row-column-wrap{grid-template-columns:minmax(0, 1fr);}}@media all and (max-width: 767px){.kb-row-layout-id1339_109e73-38 > .kt-row-column-wrap{grid-template-columns:minmax(0, 1fr);}}\/* =====================================================   ROW LAYOUT \u2013 GENEL T\u0130POGRAF\u0130   (Gizlilik Politikas\u0131 vb. uzun metinler i\u00e7in)   ===================================================== *\/.wp-block-kadence-rowlayout {  font-family: \"Inter\", \"Helvetica Neue\", Arial, sans-serif;  color: #1f2933;}\/* =====================================================   ANA BA\u015eLIK (G\u0130ZL\u0130L\u0130K POL\u0130T\u0130KASI)   ===================================================== *\/.wp-block-kadence-rowlayout h1 {  font-size: 36px;  font-weight: 700;  line-height: 1.25;  margin-bottom: 24px;  color: #111827;}\/* =====================================================   ALT BA\u015eLIK \/ A\u00c7IKLAMA   ===================================================== *\/.wp-block-kadence-rowlayout h2 {  font-size: 24px;  font-weight: 600;  line-height: 1.35;  margin-top: 48px;  margin-bottom: 16px;  color: #0b2343;}\/* =====================================================   ALT SEV\u0130YE BA\u015eLIKLAR   ===================================================== *\/.wp-block-kadence-rowlayout h3 {  font-size: 20px;  font-weight: 600;  margin-top: 32px;  margin-bottom: 12px;  color: #0b2343;}\/* =====================================================   PARAGRAFLAR   ===================================================== *\/.wp-block-kadence-rowlayout p {  font-size: 16px;  line-height: 1.75;  margin-bottom: 18px;  color: #374151;}\/* =====================================================   L\u0130STELER   ===================================================== *\/.wp-block-kadence-rowlayout ul,.wp-block-kadence-rowlayout ol {  margin: 16px 0 24px 24px;  padding: 0;}.wp-block-kadence-rowlayout li {  font-size: 16px;  line-height: 1.7;  margin-bottom: 10px;  color: #374151;}\/* =====================================================   VURGULU BA\u015eLIK SATIRLARI (SORU G\u0130B\u0130)   ===================================================== *\/.wp-block-kadence-rowlayout strong {  color: #0b2343;  font-weight: 600;}\/* =====================================================   LINKLER   ===================================================== *\/.wp-block-kadence-rowlayout a {  color: #0b2343;  font-weight: 600;  text-decoration: underline;}.wp-block-kadence-rowlayout a:hover {  color: #091b35;}\/* =====================================================   MOB\u0130L OPT\u0130M\u0130ZASYON   ===================================================== *\/@media (max-width: 768px) {  .wp-block-kadence-rowlayout h1 {    font-size: 28px;  }  .wp-block-kadence-rowlayout h2 {    font-size: 20px;  }  .wp-block-kadence-rowlayout p,  .wp-block-kadence-rowlayout li {    font-size: 15px;    line-height: 1.7;  }}<\/style><div class=\"kb-row-layout-wrap kb-row-layout-id1339_109e73-38 alignnone kt-row-has-bg wp-block-kadence-rowlayout\"><div class=\"kt-row-layout-overlay kt-row-overlay-normal\"><\/div><div class=\"kt-row-column-wrap kt-has-1-columns kt-row-layout-equal kt-tab-layout-inherit kt-mobile-layout-row kt-row-valign-top kb-theme-content-width\">\n<style>.kadence-column1339_41e205-15 > .kt-inside-inner-col,.kadence-column1339_41e205-15 > .kt-inside-inner-col:before{border-top-left-radius:0px;border-top-right-radius:0px;border-bottom-right-radius:0px;border-bottom-left-radius:0px;}.kadence-column1339_41e205-15 > .kt-inside-inner-col{column-gap:var(--global-kb-gap-sm, 1rem);}.kadence-column1339_41e205-15 > .kt-inside-inner-col{flex-direction:column;}.kadence-column1339_41e205-15 > .kt-inside-inner-col > .aligncenter{width:100%;}.kadence-column1339_41e205-15 > .kt-inside-inner-col:before{opacity:0.3;}.kadence-column1339_41e205-15{position:relative;}@media all and (max-width: 1024px){.kadence-column1339_41e205-15 > .kt-inside-inner-col{flex-direction:column;}}@media all and (max-width: 767px){.kadence-column1339_41e205-15 > .kt-inside-inner-col{flex-direction:column;}}<\/style>\n<div class=\"wp-block-kadence-column kadence-column1339_41e205-15 inner-column-1\"><div class=\"kt-inside-inner-col\"><style>.wp-block-kadence-advancedheading.kt-adv-heading1339_19e288-4d, .wp-block-kadence-advancedheading.kt-adv-heading1339_19e288-4d[data-kb-block=\"kb-adv-heading1339_19e288-4d\"]{text-align:center;font-style:normal;}.wp-block-kadence-advancedheading.kt-adv-heading1339_19e288-4d mark.kt-highlight, .wp-block-kadence-advancedheading.kt-adv-heading1339_19e288-4d[data-kb-block=\"kb-adv-heading1339_19e288-4d\"] mark.kt-highlight{font-style:normal;color:#f76a0c;-webkit-box-decoration-break:clone;box-decoration-break:clone;padding-top:0px;padding-right:0px;padding-bottom:0px;padding-left:0px;}<\/style>\n<h1 class=\"kt-adv-heading1339_19e288-4d wp-block-kadence-advancedheading has-theme-palette-3-color has-text-color\" data-kb-block=\"kb-adv-heading1339_19e288-4d\">G\u0130ZL\u0130L\u0130K POL\u0130T\u0130KASI<\/h1>\n\n\n<style>.wp-block-kadence-advancedheading.kt-adv-heading1339_359b64-0f, .wp-block-kadence-advancedheading.kt-adv-heading1339_359b64-0f[data-kb-block=\"kb-adv-heading1339_359b64-0f\"]{text-align:center;font-style:normal;}.wp-block-kadence-advancedheading.kt-adv-heading1339_359b64-0f mark.kt-highlight, .wp-block-kadence-advancedheading.kt-adv-heading1339_359b64-0f[data-kb-block=\"kb-adv-heading1339_359b64-0f\"] mark.kt-highlight{font-style:normal;color:#f76a0c;-webkit-box-decoration-break:clone;box-decoration-break:clone;padding-top:0px;padding-right:0px;padding-bottom:0px;padding-left:0px;}<\/style>\n<p class=\"kt-adv-heading1339_359b64-0f wp-block-kadence-advancedheading has-theme-palette-4-color has-text-color\" data-kb-block=\"kb-adv-heading1339_359b64-0f\"><strong>End\u00fcl\u00fcs Uluslararas\u0131 Organizasyon Gizlilik Bildirimi<\/strong><\/p>\n<\/div><\/div>\n\n<\/div><\/div>\n\n\n<p><\/p>\n\n\n\n<p class=\"has-theme-palette-9-color has-text-color has-link-color wp-elements-9c56836164c37e68635fe176598c1ef5\">End\u00fcl\u00fcs Uluslararas\u0131 Organizasyon, ki\u015fisel verilerinizin korunmas\u0131na b\u00fcy\u00fck \u00f6nem vermektedir. Bu gizlilik bildiriminde ki\u015fisel verileri nas\u0131l kulland\u0131\u011f\u0131m\u0131za ili\u015fkin a\u00e7\u0131k ve \u015feffaf bilgiler sunmak istiyoruz.<\/p>\n\n\n\n<h3 class=\"wp-block-heading has-theme-palette-9-color has-text-color has-link-color wp-elements-8c56669fef0600c02be7579dee59ecd3\">Hangi verileri i\u015fliyoruz?<\/h3>\n\n\n\n<p class=\"has-theme-palette-9-color has-text-color has-link-color wp-elements-cc638a3826bb0b898fc20d23d553db2b\">Bize sa\u011flad\u0131\u011f\u0131n\u0131z ki\u015fisel verileri, \u00f6rne\u011fin bir ba\u011f\u0131\u015f formu doldurarak, b\u00fcltenimize kaydolarak, kurulu\u015fumuzla ileti\u015fime ge\u00e7erek veya faaliyetlerimizden birine kat\u0131larak i\u015fleriz. Bu veriler \u015funlar\u0131 i\u00e7erebilir:<\/p>\n\n\n\n<ul class=\"wp-block-list has-theme-palette-9-color has-text-color has-link-color wp-elements-794c28634aee5a88c631a031b9d143c2\">\n<li>\u0130sim<\/li>\n\n\n\n<li>Adres<\/li>\n\n\n\n<li>E-posta adresi<\/li>\n\n\n\n<li>Telefon numaras\u0131<\/li>\n\n\n\n<li>Banka bilgileri<\/li>\n\n\n\n<li>Hizmetlerimizle ilgili di\u011fer veriler<\/li>\n<\/ul>\n\n\n\n<h3 class=\"wp-block-heading has-theme-palette-9-color has-text-color has-link-color wp-elements-b3cfe50adc214e66c448e9ea22dd8b28\">Verilerinizi ne i\u00e7in kullan\u0131yoruz?<\/h3>\n\n\n\n<p class=\"has-theme-palette-9-color has-text-color has-link-color wp-elements-38ed9f4274b0c9fd5dd3cbd7358cbbf7\">Ki\u015fisel verilerinizi \u00e7e\u015fitli ama\u00e7larla kullan\u0131r\u0131z. Bunlar aras\u0131nda:<\/p>\n\n\n\n<ul class=\"wp-block-list has-theme-palette-9-color has-text-color has-link-color wp-elements-c5425bebcf457bb2dd7b04c886d7c517\">\n<li>Ba\u011f\u0131\u015flar\u0131n i\u015flenmesi<\/li>\n\n\n\n<li>Finansal i\u015flemlerin y\u00f6netilmesi<\/li>\n\n\n\n<li>Faaliyetlerimiz hakk\u0131nda bilgi g\u00f6nderilmesi<\/li>\n\n\n\n<li>Yasal y\u00fck\u00fcml\u00fcl\u00fcklerin yerine getirilmesi<\/li>\n<\/ul>\n\n\n\n<h3 class=\"wp-block-heading has-theme-palette-9-color has-text-color has-link-color wp-elements-8fdf32a0774ed1a01ab5852c4cdd4e72\">Verilerinizi ne kadar s\u00fcre sakl\u0131yoruz?<\/h3>\n\n\n\n<p class=\"has-theme-palette-9-color has-text-color has-link-color wp-elements-fedf78ad69210f5a84ce9260d2387487\">Ki\u015fisel verilerinizi, yasal olarak daha uzun s\u00fcre saklama zorunlulu\u011fumuz olmad\u0131\u011f\u0131 s\u00fcrece, toplanma veya kullan\u0131lma ama\u00e7lar\u0131 i\u00e7in gerekli olandan daha uzun s\u00fcre saklamay\u0131z.<\/p>\n\n\n\n<h3 class=\"wp-block-heading has-theme-palette-9-color has-text-color has-link-color wp-elements-948b3704b517ac7f1f4b4140b82474b7\">Verilerinizi nas\u0131l koruyoruz?<\/h3>\n\n\n\n<p class=\"has-theme-palette-9-color has-text-color has-link-color wp-elements-e3a5cc974b27303710db6193948efef9\">Ki\u015fisel verilerinizi kaybolmaya veya yetkisiz eri\u015fime kar\u015f\u0131 korumak i\u00e7in uygun teknik ve organizasyonel \u00f6nlemleri al\u0131yoruz. Verilerinize yaln\u0131zca yetkili personel eri\u015febilir ve bu ki\u015filer kat\u0131 gizlilik gerekliliklerine tabidir.<\/p>\n\n\n\n<h3 class=\"wp-block-heading has-theme-palette-9-color has-text-color has-link-color wp-elements-3da87cc2b4aef69dfe9998fa933ec9e1\">Haklar\u0131n\u0131z<\/h3>\n\n\n\n<p class=\"has-theme-palette-9-color has-text-color has-link-color wp-elements-da0324c67b496af8085da9282507ea0b\">Ki\u015fisel verilerinizi:<\/p>\n\n\n\n<ul class=\"wp-block-list has-theme-palette-9-color has-text-color has-link-color wp-elements-e5928bdd90c99f2d187e0889415e414c\">\n<li>G\u00f6r\u00fcnt\u00fcleme<\/li>\n\n\n\n<li>D\u00fczeltme<\/li>\n\n\n\n<li>Silme<\/li>\n<\/ul>\n\n\n\n<p class=\"has-theme-palette-9-color has-text-color has-link-color wp-elements-691e947cb0c308fed3132e593fb613ef\">haklar\u0131na sahipsiniz. Ayr\u0131ca:<\/p>\n\n\n\n<ul class=\"wp-block-list has-theme-palette-9-color has-text-color has-link-color wp-elements-08a38b9628e4d66f924935ba876f0a34\">\n<li>Verilerinizin i\u015flenmesine itiraz etme<\/li>\n\n\n\n<li>Verilerin ta\u015f\u0131nabilirli\u011fini talep etme<\/li>\n<\/ul>\n\n\n\n<p class=\"has-theme-palette-9-color has-text-color has-link-color wp-elements-b6c59dd21c07f7e7fa1177b56ca50b74\">haklar\u0131n\u0131z da bulunmaktad\u0131r.<\/p>\n\n\n\n<h3 class=\"wp-block-heading has-theme-palette-9-color has-text-color has-link-color wp-elements-b7de1b87712317b9fd5f2133df35c4bb\">\u0130leti\u015fim Detaylar\u0131<\/h3>\n\n\n\n<p class=\"has-theme-palette-9-color has-text-color has-link-color wp-elements-d457f13c8f7352ac7159f0236ee8d0ec\">Gizlilik bildirimimiz veya verilerinizi nas\u0131l i\u015fledi\u011fimiz hakk\u0131nda sorular\u0131n\u0131z varsa bizimle \u015fu adresten ileti\u015fime ge\u00e7ebilirsiniz:<\/p>\n\n\n\n<hr class=\"wp-block-separator has-alpha-channel-opacity\"\/>\n","protected":false},"excerpt":{"rendered":"<p>G\u0130ZL\u0130L\u0130K POL\u0130T\u0130KASI End\u00fcl\u00fcs Uluslararas\u0131 Organizasyon Gizlilik Bildirimi End\u00fcl\u00fcs Uluslararas\u0131 Organizasyon, ki\u015fisel verilerinizin korunmas\u0131na b\u00fcy\u00fck \u00f6nem vermektedir. Bu gizlilik bildiriminde ki\u015fisel verileri nas\u0131l kulland\u0131\u011f\u0131m\u0131za ili\u015fkin a\u00e7\u0131k ve \u015feffaf bilgiler sunmak istiyoruz. Hangi verileri i\u015fliyoruz? Bize sa\u011flad\u0131\u011f\u0131n\u0131z ki\u015fisel verileri, \u00f6rne\u011fin bir ba\u011f\u0131\u015f formu doldurarak, b\u00fcltenimize kaydolarak, kurulu\u015fumuzla ileti\u015fime ge\u00e7erek veya faaliyetlerimizden birine kat\u0131larak i\u015fleriz. Bu veriler \u015funlar\u0131&#8230;<\/p>\n","protected":false},"author":1,"featured_media":858,"parent":0,"menu_order":0,"comment_status":"closed","ping_status":"closed","template":"","meta":{"give_campaign_id":0,"_kadence_starter_templates_imported_post":true,"_kad_post_transparent":"","_kad_post_title":"","_kad_post_layout":"","_kad_post_sidebar_id":"","_kad_post_content_style":"","_kad_post_vertical_padding":"","_kad_post_feature":"","_kad_post_feature_position":"","_kad_post_header":false,"_kad_post_footer":false,"footnotes":""},"class_list":["post-1339","page","type-page","status-publish","has-post-thumbnail","hentry"],"campaignId":"","_links":{"self":[{"href":"https:\/\/endulusgrup.com\/index.php?rest_route=\/wp\/v2\/pages\/1339","targetHints":{"allow":["GET"]}}],"collection":[{"href":"https:\/\/endulusgrup.com\/index.php?rest_route=\/wp\/v2\/pages"}],"about":[{"href":"https:\/\/endulusgrup.com\/index.php?rest_route=\/wp\/v2\/types\/page"}],"author":[{"embeddable":true,"href":"https:\/\/endulusgrup.com\/index.php?rest_route=\/wp\/v2\/users\/1"}],"replies":[{"embeddable":true,"href":"https:\/\/endulusgrup.com\/index.php?rest_route=%2Fwp%2Fv2%2Fcomments&post=1339"}],"version-history":[{"count":8,"href":"https:\/\/endulusgrup.com\/index.php?rest_route=\/wp\/v2\/pages\/1339\/revisions"}],"predecessor-version":[{"id":1771,"href":"https:\/\/endulusgrup.com\/index.php?rest_route=\/wp\/v2\/pages\/1339\/revisions\/1771"}],"wp:featuredmedia":[{"embeddable":true,"href":"https:\/\/endulusgrup.com\/index.php?rest_route=\/wp\/v2\/media\/858"}],"wp:attachment":[{"href":"https:\/\/endulusgrup.com\/index.php?rest_route=%2Fwp%2Fv2%2Fmedia&parent=1339"}],"curies":[{"name":"wp","href":"https:\/\/api.w.org\/{rel}","templated":true}]}}