{"id":1334,"date":"2021-10-12T15:18:14","date_gmt":"2021-10-12T15:18:14","guid":{"rendered":"https:\/\/startertemplatecloud.com\/g14\/?page_id=8"},"modified":"2026-03-08T17:33:34","modified_gmt":"2026-03-08T14:33:34","slug":"home","status":"publish","type":"page","link":"https:\/\/endulusgrup.com\/","title":{"rendered":"ANASAYFA"},"content":{"rendered":"<style>.kadence-column1334_a1f17c-b0 > .kt-inside-inner-col,.kadence-column1334_a1f17c-b0 > .kt-inside-inner-col:before{border-top-left-radius:0px;border-top-right-radius:0px;border-bottom-right-radius:0px;border-bottom-left-radius:0px;}.kadence-column1334_a1f17c-b0 > .kt-inside-inner-col{column-gap:var(--global-kb-gap-sm, 1rem);}.kadence-column1334_a1f17c-b0 > .kt-inside-inner-col{flex-direction:column;}.kadence-column1334_a1f17c-b0 > .kt-inside-inner-col > .aligncenter{width:100%;}.kadence-column1334_a1f17c-b0 > .kt-inside-inner-col{background-color:#0a1e3f;}.kadence-column1334_a1f17c-b0 > .kt-inside-inner-col:before{opacity:0.3;}.kadence-column1334_a1f17c-b0{position:relative;}@media all and (max-width: 1024px){.kadence-column1334_a1f17c-b0 > .kt-inside-inner-col{flex-direction:column;}}@media all and (max-width: 767px){.kadence-column1334_a1f17c-b0 > .kt-inside-inner-col{flex-direction:column;}}<\/style>\n<div class=\"wp-block-kadence-column kadence-column1334_a1f17c-b0\"><div class=\"kt-inside-inner-col\"><\/div><\/div>\n\n\n<style>.wp-block-kadence-spacer.kt-block-spacer-1334_62a6fb-2a .kt-block-spacer{height:164px;}.wp-block-kadence-spacer.kt-block-spacer-1334_62a6fb-2a .kt-divider{border-top-width:1px;height:1px;border-top-color:#eee;width:80%;border-top-style:solid;}<\/style>\n<div class=\"wp-block-kadence-spacer aligncenter kt-block-spacer-1334_62a6fb-2a\"><div class=\"kt-block-spacer kt-block-spacer-halign-center\"><hr class=\"kt-divider\"\/><\/div><\/div>\n\n\n<style>.kadence-column1334_48d386-17 > .kt-inside-inner-col,.kadence-column1334_48d386-17 > .kt-inside-inner-col:before{border-top-left-radius:0px;border-top-right-radius:0px;border-bottom-right-radius:0px;border-bottom-left-radius:0px;}.kadence-column1334_48d386-17 > .kt-inside-inner-col{column-gap:var(--global-kb-gap-sm, 1rem);}.kadence-column1334_48d386-17 > .kt-inside-inner-col{flex-direction:column;}.kadence-column1334_48d386-17 > .kt-inside-inner-col > .aligncenter{width:100%;}.kadence-column1334_48d386-17 > .kt-inside-inner-col:before{opacity:0.3;}.kadence-column1334_48d386-17{position:relative;}@media all and (max-width: 1024px){.kadence-column1334_48d386-17 > .kt-inside-inner-col{flex-direction:column;}}@media all and (max-width: 767px){.kadence-column1334_48d386-17 > .kt-inside-inner-col{flex-direction:column;}}<\/style>\n<div class=\"wp-block-kadence-column kadence-column1334_48d386-17\"><div class=\"kt-inside-inner-col\"><style>.kb-row-layout-id1334_4daaad-34 > .kt-row-column-wrap{align-content:start;}:where(.kb-row-layout-id1334_4daaad-34 > .kt-row-column-wrap) > .wp-block-kadence-column{justify-content:start;}.kb-row-layout-id1334_4daaad-34 > .kt-row-column-wrap{column-gap:var(--global-kb-gap-md, 2rem);row-gap:var(--global-kb-gap-md, 2rem);padding-top:var(--global-kb-spacing-sm, 1.5rem);padding-bottom:var(--global-kb-spacing-sm, 1.5rem);grid-template-columns:repeat(2, minmax(0, 1fr));}.kb-row-layout-id1334_4daaad-34 > .kt-row-layout-overlay{opacity:0.30;}@media all and (max-width: 1024px){.kb-row-layout-id1334_4daaad-34 > .kt-row-column-wrap{grid-template-columns:repeat(2, minmax(0, 1fr));}}@media all and (max-width: 767px){.kb-row-layout-id1334_4daaad-34 > .kt-row-column-wrap{grid-template-columns:minmax(0, 1fr);}}\/* =====================================================   GLOBAL RENG\u0130 TEK YERDEN Y\u00d6NET   ===================================================== *\/:root {  --gold: #f4c430;}\/* =====================================================   ROW \u2013 ANA YAPI   ===================================================== *\/.kb-row-layout-id1334_4daaad-34 {  display: flex;  align-items: flex-start;  gap: 40px;}\/* =====================================================   DI\u015e SECTION (ikon + kutu ta\u015f\u0131y\u0131c\u0131)   ===================================================== *\/.kb-row-layout-id1334_4daaad-34 .service-outer {  border: none !important;  padding: 0 !important;  background: transparent !important;  display: flex;  flex-direction: column;  align-items: center;}\/* =====================================================   \u0130KON ALANI (BOYUT E\u015e\u0130TLEME)   ===================================================== *\/.kb-row-layout-id1334_4daaad-34 .service-icon {  width: 120px;  height: 120px;  display: flex;  align-items: center;  justify-content: center;  margin-bottom: 24px;}\/* G\u00f6rselin kendisi *\/.kb-row-layout-id1334_4daaad-34 .service-icon img {  max-width: 100%;  max-height: 100%;  object-fit: contain;  display: block;}\/* =====================================================   \u0130\u00c7 YAZI KUTUSU (SARI \u00c7ER\u00c7EVE)   ===================================================== *\/.kb-row-layout-id1334_4daaad-34 .service-box {  border: 4px solid var(--gold);  padding: 28px 32px;  min-height: 260px;  width: 100%;  box-sizing: border-box;  display: flex;  flex-direction: column;  justify-content: flex-start;  color: #ffffff;}\/* =====================================================   BA\u015eLIKLAR \u2013 H\u0130ZALI & RENK SAB\u0130T   ===================================================== *\/.kb-row-layout-id1334_4daaad-34 .service-title,.kb-row-layout-id1334_4daaad-34 .elementor-heading-title.service-title {  color: var(--gold) !important;  font-size: 20px;  font-weight: 600;  text-align: center;  margin: 0 0 18px 0;  min-height: 52px; \/* hizalama kilidi *\/}\/* =====================================================   PARAGRAFLAR   ===================================================== *\/.kb-row-layout-id1334_4daaad-34 .service-text {  font-size: 15px;  line-height: 1.65;  margin-bottom: 14px;  color: #ffffff;}.kb-row-layout-id1334_4daaad-34 .service-text:last-child {  margin-bottom: 0;}\/* =====================================================   MOB\u0130L DAVRANI\u015e   ===================================================== *\/@media (max-width: 768px) {  .kb-row-layout-id1334_4daaad-34 {    flex-direction: column;    gap: 24px;  }  .kb-row-layout-id1334_4daaad-34 .service-icon {    width: 96px;    height: 96px;    margin-bottom: 20px;  }  .kb-row-layout-id1334_4daaad-34 .service-box {    min-height: auto;  }  .kb-row-layout-id1334_4daaad-34 .service-title {    min-height: auto;  }}<\/style><div class=\"kb-row-layout-wrap kb-row-layout-id1334_4daaad-34 alignfull services-row wp-block-kadence-rowlayout\"><div class=\"kt-row-column-wrap kt-has-2-columns kt-row-layout-equal kt-tab-layout-inherit kt-mobile-layout-row kt-row-valign-top\">\n<style>.kadence-column1334_86e10e-f5 > .kt-inside-inner-col,.kadence-column1334_86e10e-f5 > .kt-inside-inner-col:before{border-top-left-radius:0px;border-top-right-radius:0px;border-bottom-right-radius:0px;border-bottom-left-radius:0px;}.kadence-column1334_86e10e-f5 > .kt-inside-inner-col{column-gap:var(--global-kb-gap-sm, 1rem);}.kadence-column1334_86e10e-f5 > .kt-inside-inner-col{flex-direction:column;}.kadence-column1334_86e10e-f5 > .kt-inside-inner-col > .aligncenter{width:100%;}.kadence-column1334_86e10e-f5 > .kt-inside-inner-col:before{opacity:0.3;}.kadence-column1334_86e10e-f5{position:relative;}@media all and (max-width: 1024px){.kadence-column1334_86e10e-f5 > .kt-inside-inner-col{flex-direction:column;}}@media all and (max-width: 767px){.kadence-column1334_86e10e-f5 > .kt-inside-inner-col{flex-direction:column;}}.kadence-column1334_86e10e-f5{  position: relative;  cursor: pointer;  transition: transform .25s ease, box-shadow .25s ease, border-color .25s ease;}<\/style>\n<div class=\"wp-block-kadence-column kadence-column1334_86e10e-f5 service-outer enerji-click\"><div class=\"kt-inside-inner-col\">\n<a href=\"https:\/\/endulusgrup.com\/?page_id=1778\" class=\"section-click-link\" aria-label=\"Enerji Sistemleri sayfas\u0131na git\"><\/a>\n\n\n<style>.kadence-column1334_c62ef3-5d > .kt-inside-inner-col,.kadence-column1334_c62ef3-5d > .kt-inside-inner-col:before{border-top-left-radius:0px;border-top-right-radius:0px;border-bottom-right-radius:0px;border-bottom-left-radius:0px;}.kadence-column1334_c62ef3-5d > .kt-inside-inner-col{column-gap:var(--global-kb-gap-sm, 1rem);}.kadence-column1334_c62ef3-5d > .kt-inside-inner-col{flex-direction:column;}.kadence-column1334_c62ef3-5d > .kt-inside-inner-col > .aligncenter{width:100%;}.kadence-column1334_c62ef3-5d > .kt-inside-inner-col:before{opacity:0.3;}.kadence-column1334_c62ef3-5d{position:relative;}@media all and (max-width: 1024px){.kadence-column1334_c62ef3-5d > .kt-inside-inner-col{flex-direction:column;}}@media all and (max-width: 767px){.kadence-column1334_c62ef3-5d > .kt-inside-inner-col{flex-direction:column;}}<\/style>\n<div class=\"wp-block-kadence-column kadence-column1334_c62ef3-5d service-outer\"><div class=\"kt-inside-inner-col\"><div class=\"wp-block-image service-icon wp-duotone-unset-1\">\n<figure class=\"aligncenter size-full\"><img fetchpriority=\"high\" decoding=\"async\" width=\"446\" height=\"459\" src=\"https:\/\/endulusgrup.com\/wp-content\/uploads\/2026\/01\/sssss-1.png\" alt=\"\" class=\"wp-image-1714\" style=\"aspect-ratio:1.1476793248945147\" srcset=\"https:\/\/endulusgrup.com\/wp-content\/uploads\/2026\/01\/sssss-1.png 446w, https:\/\/endulusgrup.com\/wp-content\/uploads\/2026\/01\/sssss-1-292x300.png 292w\" sizes=\"(max-width: 446px) 100vw, 446px\" \/><\/figure>\n<\/div><\/div><\/div>\n\n\n<style>.kadence-column1334_7e2389-6b > .kt-inside-inner-col,.kadence-column1334_7e2389-6b > .kt-inside-inner-col:before{border-top-left-radius:0px;border-top-right-radius:0px;border-bottom-right-radius:0px;border-bottom-left-radius:0px;}.kadence-column1334_7e2389-6b > .kt-inside-inner-col{column-gap:var(--global-kb-gap-sm, 1rem);}.kadence-column1334_7e2389-6b > .kt-inside-inner-col{flex-direction:column;}.kadence-column1334_7e2389-6b > .kt-inside-inner-col > .aligncenter{width:100%;}.kadence-column1334_7e2389-6b > .kt-inside-inner-col:before{opacity:0.3;}.kadence-column1334_7e2389-6b{position:relative;}@media all and (max-width: 1024px){.kadence-column1334_7e2389-6b > .kt-inside-inner-col{flex-direction:column;}}@media all and (max-width: 767px){.kadence-column1334_7e2389-6b > .kt-inside-inner-col{flex-direction:column;}}<\/style>\n<div class=\"wp-block-kadence-column kadence-column1334_7e2389-6b service-box left\"><div class=\"kt-inside-inner-col\">\n<p class=\"has-text-align-center service-title has--font-size has-text-color has-link-color wp-elements-2b4ddd1e84c7418b0530577d32b203a8\" style=\"color:#f4c430\"><strong>ENERJ\u0130 S\u0130STEMLER\u0130<\/strong><\/p>\n\n\n\n<p class=\"service-text has-theme-palette-9-color has-text-color has-link-color has-small-font-size wp-elements-6897b30798ef6d103115cbe927913423\" style=\"border-top-left-radius:0px;border-top-right-radius:0px;border-bottom-left-radius:0px;border-bottom-right-radius:0px\"><strong>2011\u2019den bu yana off-grid enerji \u00e7\u00f6z\u00fcmleriyle ayd\u0131nlatma ve sulama sistemleri<\/strong>yle End\u00fcl\u00fcs Grup, 3 kW kurulu g\u00fcce sahip off-grid enerji sistemleriyle T\u00fcrkiye\u2019nin d\u00f6rt bir yan\u0131nda ayd\u0131nlatma, sulama ve benzeri uygulamalar i\u00e7in sat\u0131\u015f ve kurulum hizmeti sunmaktad\u0131r.<\/p>\n\n\n\n<p class=\"service-text has-theme-palette-9-color has-text-color has-link-color has-small-font-size wp-elements-7537943f62cc3ae3b00c1b5c96162e61\">\u015eebekeden ba\u011f\u0131ms\u0131z enerjiye ula\u015fmak art\u0131k \u00e7ok kolay: g\u00fcvenilir, s\u00fcrd\u00fcr\u00fclebilir ve yerinde \u00e7\u00f6z\u00fcmlerle yan\u0131n\u0131zday\u0131z.<\/p>\n<\/div><\/div>\n<\/div><\/div>\n\n\n<style>.kadence-column1334_7575f7-00 > .kt-inside-inner-col,.kadence-column1334_7575f7-00 > .kt-inside-inner-col:before{border-top-left-radius:0px;border-top-right-radius:0px;border-bottom-right-radius:0px;border-bottom-left-radius:0px;}.kadence-column1334_7575f7-00 > .kt-inside-inner-col{column-gap:var(--global-kb-gap-sm, 1rem);}.kadence-column1334_7575f7-00 > .kt-inside-inner-col{flex-direction:column;}.kadence-column1334_7575f7-00 > .kt-inside-inner-col > .aligncenter{width:100%;}.kadence-column1334_7575f7-00 > .kt-inside-inner-col:before{opacity:0.3;}.kadence-column1334_7575f7-00{position:relative;}@media all and (max-width: 1024px){.kadence-column1334_7575f7-00 > .kt-inside-inner-col{flex-direction:column;}}@media all and (max-width: 767px){.kadence-column1334_7575f7-00 > .kt-inside-inner-col{flex-direction:column;}}.kadence-column1334_7575f7-00{  position: relative;  cursor: pointer;  transition: transform .25s ease, box-shadow .25s ease;}<\/style>\n<div class=\"wp-block-kadence-column kadence-column1334_7575f7-00 service-outer organizasyon-click\"><div class=\"kt-inside-inner-col\">\n<a href=\"https:\/\/endulusgrup.com\/?page_id=1798\" class=\"section-click-link\" aria-label=\"Yurtd\u0131\u015f\u0131 Organizasyon Hizmetleri sayfas\u0131na git\"><\/a>\n\n\n<div class=\"wp-block-image wp-duotone-unset-2\">\n<figure class=\"aligncenter size-full is-resized\"><img decoding=\"async\" width=\"482\" height=\"420\" src=\"https:\/\/endulusgrup.com\/wp-content\/uploads\/2026\/01\/Logo-design-for-a-se222-1.png\" alt=\"\" class=\"wp-image-1715\" style=\"aspect-ratio:1.1476793248945147;width:129px;height:auto\" srcset=\"https:\/\/endulusgrup.com\/wp-content\/uploads\/2026\/01\/Logo-design-for-a-se222-1.png 482w, https:\/\/endulusgrup.com\/wp-content\/uploads\/2026\/01\/Logo-design-for-a-se222-1-300x261.png 300w\" sizes=\"(max-width: 482px) 100vw, 482px\" \/><\/figure>\n<\/div>\n\n<style>.kadence-column1334_62c21b-1d > .kt-inside-inner-col,.kadence-column1334_62c21b-1d > .kt-inside-inner-col:before{border-top-left-radius:0px;border-top-right-radius:0px;border-bottom-right-radius:0px;border-bottom-left-radius:0px;}.kadence-column1334_62c21b-1d > .kt-inside-inner-col{column-gap:var(--global-kb-gap-sm, 1rem);}.kadence-column1334_62c21b-1d > .kt-inside-inner-col{flex-direction:column;}.kadence-column1334_62c21b-1d > .kt-inside-inner-col > .aligncenter{width:100%;}.kadence-column1334_62c21b-1d > .kt-inside-inner-col:before{opacity:0.3;}.kadence-column1334_62c21b-1d{position:relative;}@media all and (max-width: 1024px){.kadence-column1334_62c21b-1d > .kt-inside-inner-col{flex-direction:column;}}@media all and (max-width: 767px){.kadence-column1334_62c21b-1d > .kt-inside-inner-col{flex-direction:column;}}<\/style>\n<div class=\"wp-block-kadence-column kadence-column1334_62c21b-1d service-box left\"><div class=\"kt-inside-inner-col\">\n<p class=\"has-text-align-center service-title has--font-size has-text-color has-link-color wp-elements-74ad0aa66a9d4c9b4234124cc0b2762b\" style=\"color:#f4c430\"><strong>YURTDI\u015eI ORGAN\u0130ZASYON H\u0130ZMETLER\u0130<\/strong><\/p>\n\n\n\n<p class=\"has-text-align-left service-text has-theme-palette-9-color has-text-color has-link-color has-small-font-size wp-elements-569c5cd929a9469eceadd7928f2b6dc5\" style=\"border-top-left-radius:0px;border-top-right-radius:0px;border-bottom-left-radius:0px;border-bottom-right-radius:0px\"><strong>Birey, firma ve STK\u2019lar i\u00e7in yurtd\u0131\u015f\u0131nda sosyal projeler<\/strong> Afrika ve Asya ba\u015fta olmak \u00fczere yurtd\u0131\u015f\u0131nda sosyal yard\u0131m projelerinizi hayata ge\u00e7irmek \u00e7ok kolay!<\/p>\n\n\n\n<p class=\"service-text has-theme-palette-9-color has-text-color has-link-color has-small-font-size wp-elements-d284e02010a1f393e0edb7f95ce82198\"><br>End\u00fcl\u00fcs Grup deneyimli kadrosu sayesinde yer tespiti ve planlamadan uygulamaya kadar t\u00fcm arac\u0131l\u0131k g\u00f6revlerinizi \u00fcstleniyor.<\/p>\n<\/div><\/div>\n<\/div><\/div>\n\n<\/div><\/div><\/div><\/div>\n\n\n<style>.wp-block-kadence-spacer.kt-block-spacer-1334_172660-fb .kt-block-spacer{height:60px;}.wp-block-kadence-spacer.kt-block-spacer-1334_172660-fb .kt-divider{border-top-width:1px;height:1px;border-top-color:var(--global-palette3, #1A202C);width:80%;border-top-style:solid;}<\/style>\n<div class=\"wp-block-kadence-spacer aligncenter kt-block-spacer-1334_172660-fb\"><div class=\"kt-block-spacer kt-block-spacer-halign-center\"><hr class=\"kt-divider\"\/><\/div><\/div>\n\n\n<style>.kb-row-layout-id1334_f0a7de-10 > .kt-row-column-wrap{align-content:start;}:where(.kb-row-layout-id1334_f0a7de-10 > .kt-row-column-wrap) > .wp-block-kadence-column{justify-content:start;}.kb-row-layout-id1334_f0a7de-10 > .kt-row-column-wrap{column-gap:var(--global-kb-gap-md, 2rem);row-gap:var(--global-kb-gap-md, 2rem);max-width:700px;margin-left:auto;margin-right:auto;padding-top:46px;padding-bottom:38px;grid-template-columns:minmax(0, 1fr);}.kb-row-layout-id1334_f0a7de-10 > .kt-row-layout-overlay{opacity:0.30;}@media all and (max-width: 1024px){.kb-row-layout-id1334_f0a7de-10 > .kt-row-column-wrap{grid-template-columns:minmax(0, 1fr);}}@media all and (max-width: 767px){.kb-row-layout-id1334_f0a7de-10 > .kt-row-column-wrap{grid-template-columns:minmax(0, 1fr);}}<\/style><div class=\"kb-row-layout-wrap kb-row-layout-id1334_f0a7de-10 alignnone wp-block-kadence-rowlayout\"><div class=\"kt-row-column-wrap kt-has-1-columns kt-row-layout-equal kt-tab-layout-inherit kt-mobile-layout-row kt-row-valign-top\">\n<style>.kadence-column1334_4a8eaf-62 > .kt-inside-inner-col,.kadence-column1334_4a8eaf-62 > .kt-inside-inner-col:before{border-top-left-radius:0px;border-top-right-radius:0px;border-bottom-right-radius:0px;border-bottom-left-radius:0px;}.kadence-column1334_4a8eaf-62 > .kt-inside-inner-col{column-gap:var(--global-kb-gap-sm, 1rem);}.kadence-column1334_4a8eaf-62 > .kt-inside-inner-col{flex-direction:column;}.kadence-column1334_4a8eaf-62 > .kt-inside-inner-col > .aligncenter{width:100%;}.kadence-column1334_4a8eaf-62 > .kt-inside-inner-col:before{opacity:0.3;}.kadence-column1334_4a8eaf-62{position:relative;}@media all and (max-width: 1024px){.kadence-column1334_4a8eaf-62 > .kt-inside-inner-col{flex-direction:column;}}@media all and (max-width: 767px){.kadence-column1334_4a8eaf-62 > .kt-inside-inner-col{flex-direction:column;}}<\/style>\n<div class=\"wp-block-kadence-column kadence-column1334_4a8eaf-62\"><div class=\"kt-inside-inner-col\"><style>.wp-block-kadence-advancedheading.kt-adv-heading1334_35f444-05, .wp-block-kadence-advancedheading.kt-adv-heading1334_35f444-05[data-kb-block=\"kb-adv-heading1334_35f444-05\"]{text-align:center;font-style:normal;}.wp-block-kadence-advancedheading.kt-adv-heading1334_35f444-05 mark.kt-highlight, .wp-block-kadence-advancedheading.kt-adv-heading1334_35f444-05[data-kb-block=\"kb-adv-heading1334_35f444-05\"] mark.kt-highlight{font-style:normal;color:#f76a0c;-webkit-box-decoration-break:clone;box-decoration-break:clone;padding-top:0px;padding-right:0px;padding-bottom:0px;padding-left:0px;}@media all and (max-width: 767px){.wp-block-kadence-advancedheading.kt-adv-heading1334_35f444-05, .wp-block-kadence-advancedheading.kt-adv-heading1334_35f444-05[data-kb-block=\"kb-adv-heading1334_35f444-05\"]{font-size:28px;}}<\/style>\n<h2 class=\"kt-adv-heading1334_35f444-05 wp-block-kadence-advancedheading has-theme-palette-9-color has-text-color\" data-kb-block=\"kb-adv-heading1334_35f444-05\">HAKKIMIZDA<\/h2>\n\n\n<style>.wp-block-kadence-advancedheading.kt-adv-heading1334_bd6278-bf, .wp-block-kadence-advancedheading.kt-adv-heading1334_bd6278-bf[data-kb-block=\"kb-adv-heading1334_bd6278-bf\"]{text-align:center;font-style:normal;}.wp-block-kadence-advancedheading.kt-adv-heading1334_bd6278-bf mark.kt-highlight, .wp-block-kadence-advancedheading.kt-adv-heading1334_bd6278-bf[data-kb-block=\"kb-adv-heading1334_bd6278-bf\"] mark.kt-highlight{font-style:normal;color:#f76a0c;-webkit-box-decoration-break:clone;box-decoration-break:clone;padding-top:0px;padding-right:0px;padding-bottom:0px;padding-left:0px;}<\/style>\n<p class=\"kt-adv-heading1334_bd6278-bf wp-block-kadence-advancedheading has-theme-palette-9-color has-text-color\" data-kb-block=\"kb-adv-heading1334_bd6278-bf\">End\u00fcl\u00fcs Uluslararas\u0131 Organizasyon, d\u00fcnyan\u0131n herhangi bir \u0131rk, din veya co\u011frafi b\u00f6lge ayr\u0131m\u0131 yapmaks\u0131z\u0131n, ba\u015fta sivil toplum kurulu\u015flar\u0131 olmak \u00fczere, canl\u0131 hayvan sat\u0131\u015f\u0131, su kuyusu in\u015faat\u0131 ve yemek da\u011f\u0131t\u0131m organizasyonlar\u0131 gibi \u00e7e\u015fitli alanlarda faaliyet g\u00f6stermektedir. Bu s\u00fcre\u00e7lerde yaln\u0131zca organizasyonlar\u0131 y\u00fcr\u00fctmekle kalmay\u0131p, ayn\u0131 zamanda sizlere dan\u0131\u015fmanl\u0131k hizmeti de sunuyoruz.<\/p>\n<\/div><\/div>\n\n\n<style>.kadence-column1334_e400b6-aa > .kt-inside-inner-col,.kadence-column1334_e400b6-aa > .kt-inside-inner-col:before{border-top-left-radius:0px;border-top-right-radius:0px;border-bottom-right-radius:0px;border-bottom-left-radius:0px;}.kadence-column1334_e400b6-aa > .kt-inside-inner-col{column-gap:var(--global-kb-gap-sm, 1rem);}.kadence-column1334_e400b6-aa > .kt-inside-inner-col{flex-direction:column;}.kadence-column1334_e400b6-aa > .kt-inside-inner-col > .aligncenter{width:100%;}.kadence-column1334_e400b6-aa > .kt-inside-inner-col:before{opacity:0.3;}.kadence-column1334_e400b6-aa{position:relative;}@media all and (max-width: 1024px){.kadence-column1334_e400b6-aa > .kt-inside-inner-col{flex-direction:column;}}@media all and (max-width: 767px){.kadence-column1334_e400b6-aa > .kt-inside-inner-col{flex-direction:column;}}<\/style>\n<div class=\"wp-block-kadence-column kadence-column1334_e400b6-aa\"><div class=\"kt-inside-inner-col\"><\/div><\/div>\n\n<\/div><\/div>\n\n\n<p>&nbsp;<\/p>\n","protected":false},"excerpt":{"rendered":"<p>FAAL\u0130YETLER\u0130M\u0130Z ENERJ\u0130 S\u0130STEMLER\u0130 2011\u2019den bu yana off-grid enerji \u00e7\u00f6z\u00fcmleriyle ayd\u0131nlatma ve sulama sistemleriyle End\u00fcl\u00fcs Grup, 3 kW kurulu g\u00fcce sahip off-grid enerji sistemleriyle T\u00fcrkiye\u2019nin d\u00f6rt bir yan\u0131nda ayd\u0131nlatma, sulama ve benzeri uygulamalar i\u00e7in sat\u0131\u015f ve kurulum hizmeti sunmaktad\u0131r. \u015eebekeden ba\u011f\u0131ms\u0131z enerjiye ula\u015fmak art\u0131k \u00e7ok kolay: g\u00fcvenilir, s\u00fcrd\u00fcr\u00fclebilir ve yerinde \u00e7\u00f6z\u00fcmlerle yan\u0131n\u0131zday\u0131z. YURTDI\u015eI ORGAN\u0130ZASYON H\u0130ZMETLER\u0130 Birey,&#8230;<\/p>\n","protected":false},"author":1,"featured_media":855,"parent":0,"menu_order":0,"comment_status":"closed","ping_status":"closed","template":"","meta":{"give_campaign_id":0,"_kadence_starter_templates_imported_post":true,"_kad_post_transparent":"","_kad_post_title":"hide","_kad_post_layout":"fullwidth","_kad_post_sidebar_id":"","_kad_post_content_style":"unboxed","_kad_post_vertical_padding":"","_kad_post_feature":"","_kad_post_feature_position":"","_kad_post_header":false,"_kad_post_footer":false,"footnotes":""},"class_list":["post-1334","page","type-page","status-publish","has-post-thumbnail","hentry"],"campaignId":"","_links":{"self":[{"href":"https:\/\/endulusgrup.com\/index.php?rest_route=\/wp\/v2\/pages\/1334","targetHints":{"allow":["GET"]}}],"collection":[{"href":"https:\/\/endulusgrup.com\/index.php?rest_route=\/wp\/v2\/pages"}],"about":[{"href":"https:\/\/endulusgrup.com\/index.php?rest_route=\/wp\/v2\/types\/page"}],"author":[{"embeddable":true,"href":"https:\/\/endulusgrup.com\/index.php?rest_route=\/wp\/v2\/users\/1"}],"replies":[{"embeddable":true,"href":"https:\/\/endulusgrup.com\/index.php?rest_route=%2Fwp%2Fv2%2Fcomments&post=1334"}],"version-history":[{"count":150,"href":"https:\/\/endulusgrup.com\/index.php?rest_route=\/wp\/v2\/pages\/1334\/revisions"}],"predecessor-version":[{"id":1801,"href":"https:\/\/endulusgrup.com\/index.php?rest_route=\/wp\/v2\/pages\/1334\/revisions\/1801"}],"wp:featuredmedia":[{"embeddable":true,"href":"https:\/\/endulusgrup.com\/index.php?rest_route=\/wp\/v2\/media\/855"}],"wp:attachment":[{"href":"https:\/\/endulusgrup.com\/index.php?rest_route=%2Fwp%2Fv2%2Fmedia&parent=1334"}],"curies":[{"name":"wp","href":"https:\/\/api.w.org\/{rel}","templated":true}]}}