{"id":12,"date":"2021-10-12T15:19:56","date_gmt":"2021-10-12T15:19:56","guid":{"rendered":"https:\/\/startertemplatecloud.com\/g14\/?page_id=12"},"modified":"2026-03-09T14:02:15","modified_gmt":"2026-03-09T11:02:15","slug":"causes","status":"publish","type":"page","link":"https:\/\/endulusgrup.com\/?page_id=12","title":{"rendered":"FAAL\u0130YETLER\u0130M\u0130Z"},"content":{"rendered":"<style>.kb-row-layout-id12_4fd5d0-c4 > .kt-row-column-wrap{align-content:start;}:where(.kb-row-layout-id12_4fd5d0-c4 > .kt-row-column-wrap) > .wp-block-kadence-column{justify-content:start;}.kb-row-layout-id12_4fd5d0-c4 > .kt-row-column-wrap{column-gap:var(--global-kb-gap-md, 2rem);row-gap:var(--global-kb-gap-md, 2rem);max-width:var( --global-content-width, 1290px );padding-left:var(--global-content-edge-padding);padding-right:var(--global-content-edge-padding);padding-top:150px;padding-bottom:80px;grid-template-columns:minmax(0, 1fr);}.kb-row-layout-id12_4fd5d0-c4{background-image:url('https:\/\/endulusgrup.com\/wp-content\/uploads\/2021\/07\/joel-muniz-BErJJL_KsjA-unsplash.jpg');background-size:cover;background-position:center center;background-attachment:scroll;background-repeat:no-repeat;}.kb-row-layout-id12_4fd5d0-c4 > .kt-row-layout-overlay{opacity:0.85;background-color:var(--global-palette9, #ffffff);}@media all and (max-width: 1024px){.kb-row-layout-id12_4fd5d0-c4 > .kt-row-column-wrap{grid-template-columns:minmax(0, 1fr);}}@media all and (max-width: 767px){.kb-row-layout-id12_4fd5d0-c4 > .kt-row-column-wrap{grid-template-columns:minmax(0, 1fr);}}<\/style><div class=\"kb-row-layout-wrap kb-row-layout-id12_4fd5d0-c4 alignnone kt-row-has-bg wp-block-kadence-rowlayout\"><div class=\"kt-row-layout-overlay kt-row-overlay-normal\"><\/div><div class=\"kt-row-column-wrap kt-has-1-columns kt-row-layout-equal kt-tab-layout-inherit kt-mobile-layout-row kt-row-valign-top kb-theme-content-width\">\n<style>.kadence-column12_1b2cfc-dd > .kt-inside-inner-col,.kadence-column12_1b2cfc-dd > .kt-inside-inner-col:before{border-top-left-radius:0px;border-top-right-radius:0px;border-bottom-right-radius:0px;border-bottom-left-radius:0px;}.kadence-column12_1b2cfc-dd > .kt-inside-inner-col{column-gap:var(--global-kb-gap-sm, 1rem);}.kadence-column12_1b2cfc-dd > .kt-inside-inner-col{flex-direction:column;}.kadence-column12_1b2cfc-dd > .kt-inside-inner-col > .aligncenter{width:100%;}.kadence-column12_1b2cfc-dd > .kt-inside-inner-col:before{opacity:0.3;}.kadence-column12_1b2cfc-dd{position:relative;}@media all and (max-width: 1024px){.kadence-column12_1b2cfc-dd > .kt-inside-inner-col{flex-direction:column;}}@media all and (max-width: 767px){.kadence-column12_1b2cfc-dd > .kt-inside-inner-col{flex-direction:column;}}<\/style>\n<div class=\"wp-block-kadence-column kadence-column12_1b2cfc-dd inner-column-1\"><div class=\"kt-inside-inner-col\"><style>.wp-block-kadence-advancedheading.kt-adv-heading12_258b52-53, .wp-block-kadence-advancedheading.kt-adv-heading12_258b52-53[data-kb-block=\"kb-adv-heading12_258b52-53\"]{text-align:center;font-style:normal;}.wp-block-kadence-advancedheading.kt-adv-heading12_258b52-53 mark.kt-highlight, .wp-block-kadence-advancedheading.kt-adv-heading12_258b52-53[data-kb-block=\"kb-adv-heading12_258b52-53\"] mark.kt-highlight{font-style:normal;color:#f76a0c;-webkit-box-decoration-break:clone;box-decoration-break:clone;padding-top:0px;padding-right:0px;padding-bottom:0px;padding-left:0px;}<\/style>\n<h1 class=\"kt-adv-heading12_258b52-53 wp-block-kadence-advancedheading has-theme-palette-3-color has-text-color\" data-kb-block=\"kb-adv-heading12_258b52-53\">FAAL\u0130YETLER\u0130M\u0130Z<\/h1>\n<\/div><\/div>\n\n<\/div><\/div>\n\n<style>.kadence-column12_b5fc89-f7 > .kt-inside-inner-col,.kadence-column12_b5fc89-f7 > .kt-inside-inner-col:before{border-top-left-radius:0px;border-top-right-radius:0px;border-bottom-right-radius:0px;border-bottom-left-radius:0px;}.kadence-column12_b5fc89-f7 > .kt-inside-inner-col{column-gap:var(--global-kb-gap-sm, 1rem);}.kadence-column12_b5fc89-f7 > .kt-inside-inner-col{flex-direction:column;}.kadence-column12_b5fc89-f7 > .kt-inside-inner-col > .aligncenter{width:100%;}.kadence-column12_b5fc89-f7 > .kt-inside-inner-col:before{opacity:0.3;}.kadence-column12_b5fc89-f7{position:relative;}@media all and (max-width: 1024px){.kadence-column12_b5fc89-f7 > .kt-inside-inner-col{flex-direction:column;}}@media all and (max-width: 767px){.kadence-column12_b5fc89-f7 > .kt-inside-inner-col{flex-direction:column;}}<\/style>\n<div class=\"wp-block-kadence-column kadence-column12_b5fc89-f7\"><div class=\"kt-inside-inner-col\"><style>.kb-row-layout-id12_b6b620-15 > .kt-row-column-wrap{align-content:start;}:where(.kb-row-layout-id12_b6b620-15 > .kt-row-column-wrap) > .wp-block-kadence-column{justify-content:start;}.kb-row-layout-id12_b6b620-15 > .kt-row-column-wrap{column-gap:var(--global-kb-gap-md, 2rem);row-gap:var(--global-kb-gap-md, 2rem);padding-top:var(--global-kb-spacing-3xl, 6.5rem);padding-bottom:var(--global-kb-spacing-3xl, 6.5rem);grid-template-columns:minmax(0, calc(50% - ((var(--global-kb-gap-md, 2rem) * 1 )\/2)))minmax(0, calc(50% - ((var(--global-kb-gap-md, 2rem) * 1 )\/2)));}.kb-row-layout-id12_b6b620-15 > .kt-row-layout-overlay{opacity:0.30;}@media all and (max-width: 1024px){.kb-row-layout-id12_b6b620-15 > .kt-row-column-wrap{grid-template-columns:repeat(2, minmax(0, 1fr));}}@media all and (max-width: 767px){.kb-row-layout-id12_b6b620-15 > .kt-row-column-wrap{grid-template-columns:minmax(0, 1fr);}}<\/style><div class=\"kb-row-layout-wrap kb-row-layout-id12_b6b620-15 alignnone wp-block-kadence-rowlayout\"><div class=\"kt-row-column-wrap kt-has-2-columns kt-row-layout-equal kt-tab-layout-inherit kt-mobile-layout-row kt-row-valign-top\">\n<style>.kadence-column12_3fa031-f1 > .kt-inside-inner-col,.kadence-column12_3fa031-f1 > .kt-inside-inner-col:before{border-top-left-radius:0px;border-top-right-radius:0px;border-bottom-right-radius:0px;border-bottom-left-radius:0px;}.kadence-column12_3fa031-f1 > .kt-inside-inner-col{column-gap:var(--global-kb-gap-sm, 1rem);}.kadence-column12_3fa031-f1 > .kt-inside-inner-col{flex-direction:column;}.kadence-column12_3fa031-f1 > .kt-inside-inner-col > .aligncenter{width:100%;}.kadence-column12_3fa031-f1 > .kt-inside-inner-col:before{opacity:0.3;}.kadence-column12_3fa031-f1{position:relative;}@media all and (max-width: 1024px){.kadence-column12_3fa031-f1 > .kt-inside-inner-col{flex-direction:column;}}@media all and (max-width: 767px){.kadence-column12_3fa031-f1 > .kt-inside-inner-col{flex-direction:column;}}<\/style>\n<div class=\"wp-block-kadence-column kadence-column12_3fa031-f1\"><div class=\"kt-inside-inner-col\">\n<figure class=\"wp-block-gallery has-nested-images columns-default is-cropped wp-block-gallery-1 is-layout-flex wp-block-gallery-is-layout-flex\">\n<figure class=\"wp-block-image size-full\"><img fetchpriority=\"high\" decoding=\"async\" width=\"2560\" height=\"1883\" data-id=\"1364\" src=\"https:\/\/endulusgrup.com\/wp-content\/uploads\/2025\/04\/endulu5.jpeg\" alt=\"\" class=\"wp-image-1364\" style=\"aspect-ratio:3\/4\" srcset=\"https:\/\/endulusgrup.com\/wp-content\/uploads\/2025\/04\/endulu5.jpeg 2560w, https:\/\/endulusgrup.com\/wp-content\/uploads\/2025\/04\/endulu5-600x441.jpeg 600w, https:\/\/endulusgrup.com\/wp-content\/uploads\/2025\/04\/endulu5-300x221.jpeg 300w, https:\/\/endulusgrup.com\/wp-content\/uploads\/2025\/04\/endulu5-1024x753.jpeg 1024w, https:\/\/endulusgrup.com\/wp-content\/uploads\/2025\/04\/endulu5-768x565.jpeg 768w, https:\/\/endulusgrup.com\/wp-content\/uploads\/2025\/04\/endulu5-1536x1130.jpeg 1536w, https:\/\/endulusgrup.com\/wp-content\/uploads\/2025\/04\/endulu5-2048x1506.jpeg 2048w\" sizes=\"(max-width: 2560px) 100vw, 2560px\" \/><\/figure>\n\n\n\n<figure class=\"wp-block-image size-full\"><img decoding=\"async\" width=\"2560\" height=\"1440\" data-id=\"1363\" src=\"https:\/\/endulusgrup.com\/wp-content\/uploads\/2025\/04\/endulu4.jpeg\" alt=\"\" class=\"wp-image-1363\" style=\"aspect-ratio:3\/4\" srcset=\"https:\/\/endulusgrup.com\/wp-content\/uploads\/2025\/04\/endulu4.jpeg 2560w, https:\/\/endulusgrup.com\/wp-content\/uploads\/2025\/04\/endulu4-600x338.jpeg 600w, https:\/\/endulusgrup.com\/wp-content\/uploads\/2025\/04\/endulu4-300x169.jpeg 300w, https:\/\/endulusgrup.com\/wp-content\/uploads\/2025\/04\/endulu4-1024x576.jpeg 1024w, https:\/\/endulusgrup.com\/wp-content\/uploads\/2025\/04\/endulu4-768x432.jpeg 768w, https:\/\/endulusgrup.com\/wp-content\/uploads\/2025\/04\/endulu4-1536x864.jpeg 1536w, https:\/\/endulusgrup.com\/wp-content\/uploads\/2025\/04\/endulu4-2048x1152.jpeg 2048w\" sizes=\"(max-width: 2560px) 100vw, 2560px\" \/><\/figure>\n\n\n\n<figure class=\"wp-block-image size-full\"><img decoding=\"async\" width=\"2560\" height=\"1440\" data-id=\"1362\" src=\"https:\/\/endulusgrup.com\/wp-content\/uploads\/2025\/04\/endulu3.jpeg\" alt=\"\" class=\"wp-image-1362\" style=\"aspect-ratio:3\/4\" srcset=\"https:\/\/endulusgrup.com\/wp-content\/uploads\/2025\/04\/endulu3.jpeg 2560w, https:\/\/endulusgrup.com\/wp-content\/uploads\/2025\/04\/endulu3-600x338.jpeg 600w, https:\/\/endulusgrup.com\/wp-content\/uploads\/2025\/04\/endulu3-300x169.jpeg 300w, https:\/\/endulusgrup.com\/wp-content\/uploads\/2025\/04\/endulu3-1024x576.jpeg 1024w, https:\/\/endulusgrup.com\/wp-content\/uploads\/2025\/04\/endulu3-768x432.jpeg 768w, https:\/\/endulusgrup.com\/wp-content\/uploads\/2025\/04\/endulu3-1536x864.jpeg 1536w, https:\/\/endulusgrup.com\/wp-content\/uploads\/2025\/04\/endulu3-2048x1152.jpeg 2048w\" sizes=\"(max-width: 2560px) 100vw, 2560px\" \/><\/figure>\n<\/figure>\n<\/div><\/div>\n\n\n<style>.kadence-column12_10d681-22 > .kt-inside-inner-col,.kadence-column12_10d681-22 > .kt-inside-inner-col:before{border-top-left-radius:0px;border-top-right-radius:0px;border-bottom-right-radius:0px;border-bottom-left-radius:0px;}.kadence-column12_10d681-22 > .kt-inside-inner-col{column-gap:var(--global-kb-gap-sm, 1rem);}.kadence-column12_10d681-22 > .kt-inside-inner-col{flex-direction:column;}.kadence-column12_10d681-22 > .kt-inside-inner-col > .aligncenter{width:100%;}.kadence-column12_10d681-22 > .kt-inside-inner-col:before{opacity:0.3;}.kadence-column12_10d681-22{position:relative;}@media all and (max-width: 1024px){.kadence-column12_10d681-22 > .kt-inside-inner-col{flex-direction:column;}}@media all and (max-width: 767px){.kadence-column12_10d681-22 > .kt-inside-inner-col{flex-direction:column;}}<\/style>\n<div class=\"wp-block-kadence-column kadence-column12_10d681-22\"><div class=\"kt-inside-inner-col\">\n<h4 class=\"wp-block-heading has-theme-palette-9-color has-text-color has-link-color wp-elements-04e99c912c53ec33b9641b5380b4c037\">CANLI HAYVAN SATI\u015eI<\/h4>\n\n\n\n<p class=\"has-theme-palette-9-color has-text-color has-link-color wp-elements-ca9b0cf1287f76b94978e04f14cd4912\">END\u00dcL\u00dcS ULUSLARARASI ORGAN\u0130ZASYON olarak, adak, akika, \u015f\u00fck\u00fcr, vacip kurbanlar\u0131n\u0131z\u0131 <br>T\u00fcrkiye&#8217;nin yan\u0131 s\u0131ra d\u00fcnyan\u0131n \u00e7e\u015fitli b\u00f6lgelerinde keserek ihtiya\u00e7 sahiplerine <br>ula\u015ft\u0131r\u0131yoruz. Afrika, Filistin, Yemen, Banglade\u015f, Afganistan gibi b\u00f6lgelerdeki <br>karde\u015flerimize yard\u0131m eli uzat\u0131yoruz. Kurban\u0131n\u0131z\u0131 teslim etti\u011finizde, kesim i\u015flemi <br>\u00fc\u00e7 g\u00fcn i\u00e7erisinde ger\u00e7ekle\u015ftiriliyor ve size kesim videosu iletiliyor. <\/p>\n<\/div><\/div>\n\n<\/div><\/div>\n\n<style>.kb-row-layout-id12_5835f2-f2 > .kt-row-column-wrap{align-content:start;}:where(.kb-row-layout-id12_5835f2-f2 > .kt-row-column-wrap) > .wp-block-kadence-column{justify-content:start;}.kb-row-layout-id12_5835f2-f2 > .kt-row-column-wrap{column-gap:var(--global-kb-gap-md, 2rem);row-gap:var(--global-kb-gap-md, 2rem);padding-top:var(--global-kb-spacing-3xl, 6.5rem);padding-bottom:var(--global-kb-spacing-3xl, 6.5rem);grid-template-columns:minmax(0, calc(50% - ((var(--global-kb-gap-md, 2rem) * 1 )\/2)))minmax(0, calc(50% - ((var(--global-kb-gap-md, 2rem) * 1 )\/2)));}.kb-row-layout-id12_5835f2-f2 > .kt-row-layout-overlay{opacity:0.30;}@media all and (max-width: 1024px){.kb-row-layout-id12_5835f2-f2 > .kt-row-column-wrap{grid-template-columns:repeat(2, minmax(0, 1fr));}}@media all and (max-width: 767px){.kb-row-layout-id12_5835f2-f2 > .kt-row-column-wrap{grid-template-columns:minmax(0, 1fr);}}<\/style><div class=\"kb-row-layout-wrap kb-row-layout-id12_5835f2-f2 alignnone wp-block-kadence-rowlayout\"><div class=\"kt-row-column-wrap kt-has-2-columns kt-row-layout-equal kt-tab-layout-inherit kt-mobile-layout-row kt-row-valign-top\">\n<style>.kadence-column12_c7714f-8a > .kt-inside-inner-col,.kadence-column12_c7714f-8a > .kt-inside-inner-col:before{border-top-left-radius:0px;border-top-right-radius:0px;border-bottom-right-radius:0px;border-bottom-left-radius:0px;}.kadence-column12_c7714f-8a > .kt-inside-inner-col{column-gap:var(--global-kb-gap-sm, 1rem);}.kadence-column12_c7714f-8a > .kt-inside-inner-col{flex-direction:column;}.kadence-column12_c7714f-8a > .kt-inside-inner-col > .aligncenter{width:100%;}.kadence-column12_c7714f-8a > .kt-inside-inner-col:before{opacity:0.3;}.kadence-column12_c7714f-8a{position:relative;}@media all and (max-width: 1024px){.kadence-column12_c7714f-8a > .kt-inside-inner-col{flex-direction:column;}}@media all and (max-width: 767px){.kadence-column12_c7714f-8a > .kt-inside-inner-col{flex-direction:column;}}<\/style>\n<div class=\"wp-block-kadence-column kadence-column12_c7714f-8a\"><div class=\"kt-inside-inner-col\">\n<h4 class=\"wp-block-heading has-theme-palette-9-color has-text-color has-link-color wp-elements-9a02d03d03e90b8bc000bda1ee9dd453\">SU KUYUSU \u0130N\u015eAATI<\/h4>\n\n\n\n<p class=\"has-theme-palette-9-color has-text-color has-link-color wp-elements-e9499d6e9ef97593d184cf2470a98092\">Afrika ve Asya&#8217;n\u0131n bir\u00e7ok \u00fclkesinde susuzluk ve kurakl\u0131k b\u00fcy\u00fck bir sorun haline<br>gelmi\u015ftir. Bu b\u00f6lgelerde bir\u00e7ok insan, temiz i\u00e7me suyuna ula\u015fmak i\u00e7in uzun mesafeleri<br>y\u00fcr\u00fcmek zorunda kal\u0131yor. Baz\u0131 yerlerde ise insanlar kirli suyu i\u00e7mek zorunda kalarak<br>sa\u011fl\u0131k sorunlar\u0131yla kar\u015f\u0131 kar\u015f\u0131ya kal\u0131yorlar. <br>END\u00dcL\u00dcS ULUSLARARASI ORGAN\u0130ZASYON olarak, bu insanl\u0131k dram\u0131na sessiz kalmad\u0131k.<br>Ba\u015flatt\u0131\u011f\u0131m\u0131z projeler ve hay\u0131rseverlerimizin destekleriyle onlarca su kuyusunun<br>a\u00e7\u0131l\u0131\u015f\u0131n\u0131 ger\u00e7ekle\u015ftirdik.<\/p>\n<\/div><\/div>\n\n\n<style>.kadence-column12_8211b1-14 > .kt-inside-inner-col,.kadence-column12_8211b1-14 > .kt-inside-inner-col:before{border-top-left-radius:0px;border-top-right-radius:0px;border-bottom-right-radius:0px;border-bottom-left-radius:0px;}.kadence-column12_8211b1-14 > .kt-inside-inner-col{column-gap:var(--global-kb-gap-sm, 1rem);}.kadence-column12_8211b1-14 > .kt-inside-inner-col{flex-direction:column;}.kadence-column12_8211b1-14 > .kt-inside-inner-col > .aligncenter{width:100%;}.kadence-column12_8211b1-14 > .kt-inside-inner-col:before{opacity:0.3;}.kadence-column12_8211b1-14{position:relative;}@media all and (max-width: 1024px){.kadence-column12_8211b1-14 > .kt-inside-inner-col{flex-direction:column;}}@media all and (max-width: 767px){.kadence-column12_8211b1-14 > .kt-inside-inner-col{flex-direction:column;}}<\/style>\n<div class=\"wp-block-kadence-column kadence-column12_8211b1-14\"><div class=\"kt-inside-inner-col\">\n<figure class=\"wp-block-gallery has-nested-images columns-default is-cropped wp-block-gallery-2 is-layout-flex wp-block-gallery-is-layout-flex\">\n<figure class=\"wp-block-image size-large\"><img loading=\"lazy\" decoding=\"async\" width=\"870\" height=\"450\" data-id=\"1359\" src=\"https:\/\/endulusgrup.com\/wp-content\/uploads\/2025\/04\/afrikada-su-kuyusu-acan-dernekler-870x450-2.jpg\" alt=\"\" class=\"wp-image-1359\" srcset=\"https:\/\/endulusgrup.com\/wp-content\/uploads\/2025\/04\/afrikada-su-kuyusu-acan-dernekler-870x450-2.jpg 870w, https:\/\/endulusgrup.com\/wp-content\/uploads\/2025\/04\/afrikada-su-kuyusu-acan-dernekler-870x450-2-600x310.jpg 600w, https:\/\/endulusgrup.com\/wp-content\/uploads\/2025\/04\/afrikada-su-kuyusu-acan-dernekler-870x450-2-300x155.jpg 300w, https:\/\/endulusgrup.com\/wp-content\/uploads\/2025\/04\/afrikada-su-kuyusu-acan-dernekler-870x450-2-768x397.jpg 768w\" sizes=\"(max-width: 870px) 100vw, 870px\" \/><\/figure>\n<\/figure>\n<\/div><\/div>\n\n<\/div><\/div>\n\n<style>.kb-row-layout-id12_96a4c7-73 > .kt-row-column-wrap{align-content:start;}:where(.kb-row-layout-id12_96a4c7-73 > .kt-row-column-wrap) > .wp-block-kadence-column{justify-content:start;}.kb-row-layout-id12_96a4c7-73 > .kt-row-column-wrap{column-gap:var(--global-kb-gap-md, 2rem);row-gap:var(--global-kb-gap-md, 2rem);padding-top:var(--global-kb-spacing-3xl, 6.5rem);padding-bottom:var(--global-kb-spacing-3xl, 6.5rem);grid-template-columns:minmax(0, calc(50% - ((var(--global-kb-gap-md, 2rem) * 1 )\/2)))minmax(0, calc(50% - ((var(--global-kb-gap-md, 2rem) * 1 )\/2)));}.kb-row-layout-id12_96a4c7-73 > .kt-row-layout-overlay{opacity:0.30;}@media all and (max-width: 1024px){.kb-row-layout-id12_96a4c7-73 > .kt-row-column-wrap{grid-template-columns:repeat(2, minmax(0, 1fr));}}@media all and (max-width: 767px){.kb-row-layout-id12_96a4c7-73 > .kt-row-column-wrap{grid-template-columns:minmax(0, 1fr);}}<\/style><div class=\"kb-row-layout-wrap kb-row-layout-id12_96a4c7-73 alignnone wp-block-kadence-rowlayout\"><div class=\"kt-row-column-wrap kt-has-2-columns kt-row-layout-equal kt-tab-layout-inherit kt-mobile-layout-row kt-row-valign-top\">\n<style>.kadence-column12_73926c-53 > .kt-inside-inner-col,.kadence-column12_73926c-53 > .kt-inside-inner-col:before{border-top-left-radius:0px;border-top-right-radius:0px;border-bottom-right-radius:0px;border-bottom-left-radius:0px;}.kadence-column12_73926c-53 > .kt-inside-inner-col{column-gap:var(--global-kb-gap-sm, 1rem);}.kadence-column12_73926c-53 > .kt-inside-inner-col{flex-direction:column;}.kadence-column12_73926c-53 > .kt-inside-inner-col > .aligncenter{width:100%;}.kadence-column12_73926c-53 > .kt-inside-inner-col:before{opacity:0.3;}.kadence-column12_73926c-53{position:relative;}@media all and (max-width: 1024px){.kadence-column12_73926c-53 > .kt-inside-inner-col{flex-direction:column;}}@media all and (max-width: 767px){.kadence-column12_73926c-53 > .kt-inside-inner-col{flex-direction:column;}}<\/style>\n<div class=\"wp-block-kadence-column kadence-column12_73926c-53\"><div class=\"kt-inside-inner-col\">\n<figure class=\"wp-block-gallery has-nested-images columns-default is-cropped wp-block-gallery-3 is-layout-flex wp-block-gallery-is-layout-flex\">\n<figure class=\"wp-block-image size-full\"><img loading=\"lazy\" decoding=\"async\" width=\"2560\" height=\"1920\" data-id=\"1361\" src=\"https:\/\/endulusgrup.com\/wp-content\/uploads\/2025\/04\/endulu2-scaled.jpeg\" alt=\"\" class=\"wp-image-1361\" style=\"aspect-ratio:3\/4\" srcset=\"https:\/\/endulusgrup.com\/wp-content\/uploads\/2025\/04\/endulu2-scaled.jpeg 2560w, https:\/\/endulusgrup.com\/wp-content\/uploads\/2025\/04\/endulu2-scaled-600x450.jpeg 600w, https:\/\/endulusgrup.com\/wp-content\/uploads\/2025\/04\/endulu2-300x225.jpeg 300w, https:\/\/endulusgrup.com\/wp-content\/uploads\/2025\/04\/endulu2-1024x768.jpeg 1024w, https:\/\/endulusgrup.com\/wp-content\/uploads\/2025\/04\/endulu2-768x576.jpeg 768w, https:\/\/endulusgrup.com\/wp-content\/uploads\/2025\/04\/endulu2-1536x1152.jpeg 1536w, https:\/\/endulusgrup.com\/wp-content\/uploads\/2025\/04\/endulu2-2048x1536.jpeg 2048w\" sizes=\"(max-width: 2560px) 100vw, 2560px\" \/><\/figure>\n\n\n\n<figure class=\"wp-block-image size-full\"><img loading=\"lazy\" decoding=\"async\" width=\"2560\" height=\"1920\" data-id=\"1360\" src=\"https:\/\/endulusgrup.com\/wp-content\/uploads\/2025\/04\/endulu1-scaled.jpeg\" alt=\"\" class=\"wp-image-1360\" style=\"aspect-ratio:3\/4\" srcset=\"https:\/\/endulusgrup.com\/wp-content\/uploads\/2025\/04\/endulu1-scaled.jpeg 2560w, https:\/\/endulusgrup.com\/wp-content\/uploads\/2025\/04\/endulu1-scaled-600x450.jpeg 600w, https:\/\/endulusgrup.com\/wp-content\/uploads\/2025\/04\/endulu1-300x225.jpeg 300w, https:\/\/endulusgrup.com\/wp-content\/uploads\/2025\/04\/endulu1-1024x768.jpeg 1024w, https:\/\/endulusgrup.com\/wp-content\/uploads\/2025\/04\/endulu1-768x576.jpeg 768w, https:\/\/endulusgrup.com\/wp-content\/uploads\/2025\/04\/endulu1-1536x1152.jpeg 1536w, https:\/\/endulusgrup.com\/wp-content\/uploads\/2025\/04\/endulu1-2048x1536.jpeg 2048w\" sizes=\"(max-width: 2560px) 100vw, 2560px\" \/><\/figure>\n\n\n\n<figure class=\"wp-block-image size-full\"><img loading=\"lazy\" decoding=\"async\" width=\"603\" height=\"572\" data-id=\"1358\" src=\"https:\/\/endulusgrup.com\/wp-content\/uploads\/2025\/04\/Afrika-yemek-kopya-1.png\" alt=\"\" class=\"wp-image-1358\" style=\"aspect-ratio:3\/4\" srcset=\"https:\/\/endulusgrup.com\/wp-content\/uploads\/2025\/04\/Afrika-yemek-kopya-1.png 603w, https:\/\/endulusgrup.com\/wp-content\/uploads\/2025\/04\/Afrika-yemek-kopya-1-600x569.png 600w, https:\/\/endulusgrup.com\/wp-content\/uploads\/2025\/04\/Afrika-yemek-kopya-1-300x285.png 300w\" sizes=\"(max-width: 603px) 100vw, 603px\" \/><\/figure>\n<\/figure>\n<\/div><\/div>\n\n\n<style>.kadence-column12_e54d34-b3 > .kt-inside-inner-col,.kadence-column12_e54d34-b3 > .kt-inside-inner-col:before{border-top-left-radius:0px;border-top-right-radius:0px;border-bottom-right-radius:0px;border-bottom-left-radius:0px;}.kadence-column12_e54d34-b3 > .kt-inside-inner-col{column-gap:var(--global-kb-gap-sm, 1rem);}.kadence-column12_e54d34-b3 > .kt-inside-inner-col{flex-direction:column;}.kadence-column12_e54d34-b3 > .kt-inside-inner-col > .aligncenter{width:100%;}.kadence-column12_e54d34-b3 > .kt-inside-inner-col:before{opacity:0.3;}.kadence-column12_e54d34-b3{position:relative;}@media all and (max-width: 1024px){.kadence-column12_e54d34-b3 > .kt-inside-inner-col{flex-direction:column;}}@media all and (max-width: 767px){.kadence-column12_e54d34-b3 > .kt-inside-inner-col{flex-direction:column;}}<\/style>\n<div class=\"wp-block-kadence-column kadence-column12_e54d34-b3\"><div class=\"kt-inside-inner-col\">\n<h4 class=\"wp-block-heading has-theme-palette-9-color has-text-color has-link-color wp-elements-0053a09c71b06c44753a34e6e68a59dd\">YEMEK\/\u0130FTAR PROJELER\u0130<\/h4>\n\n\n\n<p class=\"has-theme-palette-9-color has-text-color has-link-color wp-elements-ec5814a6babf96883a39aa96bcdb9f2b\">Beslenme insan\u0131n en temel ve kritik ihtiya\u00e7lar\u0131ndan biridir. Yetersiz beslenme sonucu <br>hayati fonksiyonlar\u0131 yerine getirmek m\u00fcmk\u00fcn olmayabilir. Ne yaz\u0131k ki, d\u00fcnya genelinde<br>milyonlarca insan yetersiz ve sa\u011fl\u0131ks\u0131z beslenme nedeniyle hayat\u0131n\u0131 kaybediyor. <br><br>Afrika&#8217;n\u0131n yoksullukla ve a\u00e7l\u0131kla m\u00fccadele eden \u00fclkelerinde d\u00fczenli olarak yemek<br>ikramlar\u0131 ve g\u0131da yard\u0131mlar\u0131 ger\u00e7ekle\u015ftiriyoruz. Ayr\u0131ca, m\u00fcbarek g\u00fcn ve gecelerde<br>g\u00f6n\u00fclleri bir araya getiren iftar sofralar\u0131 d\u00fczenliyoruz.<\/p>\n<\/div><\/div>\n\n<\/div><\/div><\/div><\/div>\n\n\n\n<p><\/p>\n","protected":false},"excerpt":{"rendered":"<p>FAAL\u0130YETLER\u0130M\u0130Z CANLI HAYVAN SATI\u015eI END\u00dcL\u00dcS ULUSLARARASI ORGAN\u0130ZASYON olarak, adak, akika, \u015f\u00fck\u00fcr, vacip kurbanlar\u0131n\u0131z\u0131 T\u00fcrkiye&#8217;nin yan\u0131 s\u0131ra d\u00fcnyan\u0131n \u00e7e\u015fitli b\u00f6lgelerinde keserek ihtiya\u00e7 sahiplerine ula\u015ft\u0131r\u0131yoruz. Afrika, Filistin, Yemen, Banglade\u015f, Afganistan gibi b\u00f6lgelerdeki karde\u015flerimize yard\u0131m eli uzat\u0131yoruz. Kurban\u0131n\u0131z\u0131 teslim etti\u011finizde, kesim i\u015flemi \u00fc\u00e7 g\u00fcn i\u00e7erisinde ger\u00e7ekle\u015ftiriliyor ve size kesim videosu iletiliyor. SU KUYUSU \u0130N\u015eAATI Afrika ve Asya&#8217;n\u0131n bir\u00e7ok&#8230;<\/p>\n","protected":false},"author":1,"featured_media":748,"parent":0,"menu_order":0,"comment_status":"closed","ping_status":"closed","template":"","meta":{"give_campaign_id":0,"_kadence_starter_templates_imported_post":true,"_kad_post_transparent":"","_kad_post_title":"","_kad_post_layout":"","_kad_post_sidebar_id":"","_kad_post_content_style":"","_kad_post_vertical_padding":"","_kad_post_feature":"","_kad_post_feature_position":"","_kad_post_header":false,"_kad_post_footer":false,"footnotes":""},"class_list":["post-12","page","type-page","status-publish","has-post-thumbnail","hentry"],"campaignId":"","_links":{"self":[{"href":"https:\/\/endulusgrup.com\/index.php?rest_route=\/wp\/v2\/pages\/12","targetHints":{"allow":["GET"]}}],"collection":[{"href":"https:\/\/endulusgrup.com\/index.php?rest_route=\/wp\/v2\/pages"}],"about":[{"href":"https:\/\/endulusgrup.com\/index.php?rest_route=\/wp\/v2\/types\/page"}],"author":[{"embeddable":true,"href":"https:\/\/endulusgrup.com\/index.php?rest_route=\/wp\/v2\/users\/1"}],"replies":[{"embeddable":true,"href":"https:\/\/endulusgrup.com\/index.php?rest_route=%2Fwp%2Fv2%2Fcomments&post=12"}],"version-history":[{"count":16,"href":"https:\/\/endulusgrup.com\/index.php?rest_route=\/wp\/v2\/pages\/12\/revisions"}],"predecessor-version":[{"id":1845,"href":"https:\/\/endulusgrup.com\/index.php?rest_route=\/wp\/v2\/pages\/12\/revisions\/1845"}],"wp:featuredmedia":[{"embeddable":true,"href":"https:\/\/endulusgrup.com\/index.php?rest_route=\/wp\/v2\/media\/748"}],"wp:attachment":[{"href":"https:\/\/endulusgrup.com\/index.php?rest_route=%2Fwp%2Fv2%2Fmedia&parent=12"}],"curies":[{"name":"wp","href":"https:\/\/api.w.org\/{rel}","templated":true}]}}